    {"id":316,"date":"2025-03-27T16:12:41","date_gmt":"2025-03-27T16:12:41","guid":{"rendered":"https:\/\/worknax.com\/?page_id=316"},"modified":"2025-11-24T18:47:14","modified_gmt":"2025-11-24T18:47:14","slug":"terms-of-use","status":"publish","type":"page","link":"https:\/\/worknax.com\/pt\/terms-of-use\/","title":{"rendered":"Termos de Uso"},"content":{"rendered":"<p><strong>\u00daltima atualiza\u00e7\u00e3o: 27 de mar\u00e7o de 2025<\/strong><\/p>\n\n\n\n<p>A WorkNax opera como uma plataforma independente de aprendizagem digital, oferecendo conte\u00fado educacional e cursos online focados no desenvolvimento de habilidades, crescimento profissional e aprimoramento pessoal. Ao acessar ou usar este site, voc\u00ea concorda em cumprir os termos, condi\u00e7\u00f5es e pol\u00edticas descritos abaixo.<\/p>\n\n\n\n<p>Estes Termos de Uso definem os direitos e responsabilidades dos usu\u00e1rios que interagem com a plataforma WorkNax. O uso do site tamb\u00e9m est\u00e1 sujeito \u00e0 nossa Pol\u00edtica de Privacidade.<\/p>\n\n\n\n<p><strong>LEIA ESTES TERMOS COM ATEN\u00c7\u00c3O. SE VOC\u00ca N\u00c3O CONCORDAR COM ELES, N\u00c3O USE O WORKNAX OU QUALQUER UM DE SEUS SERVI\u00c7OS.<\/strong><\/p>\n\n\n\n<h3 class=\"wp-block-heading\">Artigo I \u2013 Contrato do Usu\u00e1rio<\/h3>\n\n\n\n<p>1.1 Ao utilizar o WorkNax, voc\u00ea confirma sua total aceita\u00e7\u00e3o destes Termos de Uso e de nossa Pol\u00edtica de Privacidade.<br>1.2 Voc\u00ea deve ter pelo menos 18 anos ou ter capacidade legal em sua jurisdi\u00e7\u00e3o para usar esta plataforma.<br>1.3 Se voc\u00ea n\u00e3o atender a estas condi\u00e7\u00f5es ou discordar de qualquer parte destes termos, voc\u00ea n\u00e3o poder\u00e1 acessar ou usar nossos servi\u00e7os.<\/p>\n\n\n\n<h3 class=\"wp-block-heading\">Artigo II \u2013 Comunica\u00e7\u00e3o<\/h3>\n\n\n\n<p>2.1 O WorkNax fornece canais de comunica\u00e7\u00e3o para os usu\u00e1rios fazerem perguntas, enviarem sugest\u00f5es ou relatarem problemas t\u00e9cnicos.<br>2.2 Voc\u00ea pode entrar em contato conosco atrav\u00e9s da nossa p\u00e1gina de contato ou pelos endere\u00e7os de e-mail indicados l\u00e1.<\/p>\n\n\n\n<h3 class=\"wp-block-heading\">Artigo III \u2013 Responsabilidades das Partes<\/h3>\n\n\n\n<p>3.1 Os usu\u00e1rios devem concordar e cumprir estes Termos de Uso e a Pol\u00edtica de Privacidade ao interagir com o conte\u00fado ou servi\u00e7os do WorkNax.<br>3.2 A WorkNax pode incluir links para sites de terceiros para informa\u00e7\u00f5es adicionais ou refer\u00eancia. Estes s\u00e3o fornecidos apenas para sua conveni\u00eancia.<br>3.3 Ap\u00f3s o redirecionamento, voc\u00ea estar\u00e1 sujeito \u00e0s pol\u00edticas do site de terceiros. A WorkNax n\u00e3o se responsabiliza pela precis\u00e3o, pr\u00e1ticas ou confiabilidade de sites externos.<br>3.4 Os usu\u00e1rios s\u00e3o os \u00fanicos respons\u00e1veis pela seguran\u00e7a de sua conex\u00e3o de internet, dispositivo e acesso \u00e0 conta enquanto usam o WorkNax.<br>3.5 A WorkNax n\u00e3o se responsabiliza por danos causados por falhas t\u00e9cnicas, acesso n\u00e3o autorizado ou uso indevido da plataforma al\u00e9m do nosso controle.<br>3.6 Nunca solicitaremos transfer\u00eancias banc\u00e1rias, dados confidenciais ou informa\u00e7\u00f5es pessoais sigilosas por meio de canais n\u00e3o oficiais.<br>3.7 Qualquer mensagem ou atividade suspeita em nome da WorkNax deve ser relatada imediatamente atrav\u00e9s da nossa p\u00e1gina de contato.<\/p>\n\n\n\n<h3 class=\"wp-block-heading\">Artigo IV \u2013 Conduta Proibida<\/h3>\n\n\n\n<p>\u00c9 estritamente proibido aos usu\u00e1rios:<\/p>\n\n\n\n<ul>\n<li>Envolver-se em comportamento ilegal, fraudulento ou malicioso;<\/li>\n\n\n\n<li>Violar direitos de propriedade intelectual ou leis de privacidade;<\/li>\n\n\n\n<li>Carregar ou distribuir v\u00edrus ou c\u00f3digo prejudicial;<\/li>\n\n\n\n<li>Representar pessoas ou entidades;<\/li>\n\n\n\n<li>Coleta de dados sem consentimento;<\/li>\n\n\n\n<li>Compartilhar conte\u00fado enganoso ou n\u00e3o autorizado;<\/li>\n\n\n\n<li>Assediar, difamar ou amea\u00e7ar outras pessoas;<\/li>\n\n\n\n<li>Tentar hackear ou interromper as opera\u00e7\u00f5es da plataforma.<\/li>\n<\/ul>\n\n\n\n<p>Viola\u00e7\u00f5es podem resultar na suspens\u00e3o ou encerramento permanente do acesso ao WorkNax, sem aviso pr\u00e9vio.<\/p>\n\n\n\n<h3 class=\"wp-block-heading\">Artigo V \u2013 Limita\u00e7\u00e3o de Responsabilidade e Garantias<\/h3>\n\n\n\n<p>A WorkNax fornece seus servi\u00e7os e conte\u00fado \u201ccomo est\u00e3o\u201d e \u201cconforme dispon\u00edveis\u201d, sem garantias expressas ou impl\u00edcitas.<br>N\u00e3o garantimos acesso ininterrupto, materiais livres de erros ou que o conte\u00fado estar\u00e1 sempre atualizado ou adequado para todos os prop\u00f3sitos.<br>Na m\u00e1xima extens\u00e3o permitida por lei, a WorkNax se isenta de responsabilidade por quaisquer danos diretos, indiretos, incidentais ou consequentes relacionados ao uso do site ou de seu conte\u00fado.<\/p>\n\n\n\n<h3 class=\"wp-block-heading\">Artigo VI \u2013 Prazo e Prazo Legal<\/h3>\n\n\n\n<p>Estes Termos de Uso permanecem v\u00e1lidos por tempo indeterminado. Quaisquer reclama\u00e7\u00f5es ou disputas legais relacionadas \u00e0 plataforma devem ser iniciadas no prazo de 90 (noventa) dias a partir do evento que deu origem \u00e0 reclama\u00e7\u00e3o.<\/p>\n\n\n\n<h3 class=\"wp-block-heading\">Artigo VII \u2013 Lei Aplic\u00e1vel e Jurisdi\u00e7\u00e3o<\/h3>\n\n\n\n<p>Estes Termos de Uso ser\u00e3o regidos e interpretados de acordo com o <strong>leis da Rep\u00fablica da Est\u00f4nia<\/strong>. Qualquer disputa, controv\u00e9rsia ou reclama\u00e7\u00e3o decorrente ou relacionada a estes Termos ou ao uso deste site ser\u00e1 resolvida de acordo com a lei da Est\u00f4nia, sob a <strong>jurisdi\u00e7\u00e3o exclusiva dos tribunais localizados em Tallinn, Est\u00f4nia<\/strong>.<br>Esta cl\u00e1usula garante transpar\u00eancia jur\u00eddica e alinhamento com as melhores pr\u00e1ticas internacionais de conformidade, conforme previsto pela legisla\u00e7\u00e3o estoniana. <em>Lei das Obriga\u00e7\u00f5es<\/em> e <em>Lei de Direito Internacional Privado<\/em>.<\/p>\n\n\n\n<h3 class=\"wp-block-heading\">Artigo VIII \u2013 Propriedade Intelectual<\/h3>\n\n\n\n<p>8.1 Todo o conte\u00fado do WorkNax, incluindo cursos, v\u00eddeos, textos, gr\u00e1ficos e marcas, \u00e9 protegido por leis de propriedade intelectual.<br>8.2 Voc\u00ea n\u00e3o pode copiar, reproduzir, republicar ou distribuir qualquer parte do conte\u00fado sem a permiss\u00e3o por escrito da WorkNax.<br>8.3 O conte\u00fado enviado pelo usu\u00e1rio permanece sob a responsabilidade do colaborador. A WorkNax reserva-se o direito de remover qualquer conte\u00fado que infrinja os padr\u00f5es legais ou \u00e9ticos.<\/p>\n\n\n\n<h3 class=\"wp-block-heading\">Artigo IX \u2013 Altera\u00e7\u00f5es aos Termos<\/h3>\n\n\n\n<p>A WorkNax reserva-se o direito de atualizar, modificar ou descontinuar qualquer parte destes Termos ou servi\u00e7os a qualquer momento, sem aviso pr\u00e9vio.<br>\u00c9 sua responsabilidade revisar esta p\u00e1gina periodicamente. O uso cont\u00ednuo da plataforma constitui a aceita\u00e7\u00e3o de quaisquer termos revisados.<\/p>\n\n\n\n<h3 class=\"wp-block-heading\">Artigo X \u2013 Contato<\/h3>\n\n\n\n<p>Para d\u00favidas ou preocupa\u00e7\u00f5es relacionadas a estes Termos de Uso, voc\u00ea pode entrar em contato conosco em:<br><strong>https:\/\/worknax.com\/contact<\/strong><br><strong>E-mail:<\/strong> contato@worknax.com<\/p>\n\n\n\n<p><strong>SE VOC\u00ca N\u00c3O CONCORDAR COM ESTES TERMOS, POR FAVOR, ABSTENHA-SE DE USAR O WORKNAX E SEUS SERVI\u00c7OS.<\/strong><\/p>","protected":false},"excerpt":{"rendered":"<p>\u00daltima atualiza\u00e7\u00e3o: 27 de mar\u00e7o de 2025. A WorkNax opera como uma plataforma independente de aprendizagem digital, oferecendo conte\u00fado educacional e cursos online focados no desenvolvimento de habilidades, crescimento profissional e aprimoramento pessoal. Ao acessar ou usar este site, voc\u00ea concorda em cumprir os termos, condi\u00e7\u00f5es e pol\u00edticas descritos abaixo. Estes Termos de Uso definem os direitos e responsabilidades [\u2026]<\/p>","protected":false},"author":76,"featured_media":0,"parent":0,"menu_order":0,"comment_status":"closed","ping_status":"closed","template":"","meta":{"footnotes":""},"yoast_head":"<!-- This site is optimized with the Yoast SEO plugin v23.3 - https:\/\/yoast.com\/wordpress\/plugins\/seo\/ -->\n<title>Terms of Use - worknax<\/title>\n<meta name=\"robots\" content=\"index, follow, max-snippet:-1, max-image-preview:large, max-video-preview:-1\" \/>\n<link rel=\"canonical\" href=\"https:\/\/worknax.com\/pt\/terms-of-use\/\" \/>\n<meta property=\"og:locale\" content=\"pt_BR\" \/>\n<meta property=\"og:type\" content=\"article\" \/>\n<meta property=\"og:title\" content=\"Terms of Use - worknax\" \/>\n<meta property=\"og:description\" content=\"Last updated: March 27, 2025 WorkNax operates as an independent digital learning platform offering educational content and online courses focused on skill development, career growth, and personal improvement. By accessing or using this website, you agree to abide by the terms, conditions, and policies outlined below. These Terms of Use define the rights and responsibilities [&hellip;]\" \/>\n<meta property=\"og:url\" content=\"https:\/\/worknax.com\/pt\/terms-of-use\/\" \/>\n<meta property=\"og:site_name\" content=\"worknax\" \/>\n<meta property=\"article:modified_time\" content=\"2025-11-24T18:47:14+00:00\" \/>\n<meta name=\"twitter:card\" content=\"summary_large_image\" \/>\n<meta name=\"twitter:label1\" content=\"Est. reading time\" \/>\n\t<meta name=\"twitter:data1\" content=\"4 minutos\" \/>\n<script type=\"application\/ld+json\" class=\"yoast-schema-graph\">{\"@context\":\"https:\/\/schema.org\",\"@graph\":[{\"@type\":\"WebPage\",\"@id\":\"https:\/\/worknax.com\/es\/terms-of-use\/\",\"url\":\"https:\/\/worknax.com\/es\/terms-of-use\/\",\"name\":\"Terms of Use - worknax\",\"isPartOf\":{\"@id\":\"https:\/\/worknax.com\/es\/#website\"},\"datePublished\":\"2025-03-27T16:12:41+00:00\",\"dateModified\":\"2025-11-24T18:47:14+00:00\",\"breadcrumb\":{\"@id\":\"https:\/\/worknax.com\/es\/terms-of-use\/#breadcrumb\"},\"inLanguage\":\"pt-BR\",\"potentialAction\":[{\"@type\":\"ReadAction\",\"target\":[\"https:\/\/worknax.com\/es\/terms-of-use\/\"]}]},{\"@type\":\"BreadcrumbList\",\"@id\":\"https:\/\/worknax.com\/es\/terms-of-use\/#breadcrumb\",\"itemListElement\":[{\"@type\":\"ListItem\",\"position\":1,\"name\":\"Home\",\"item\":\"https:\/\/worknax.com\/es\/\"},{\"@type\":\"ListItem\",\"position\":2,\"name\":\"Terms of Use\"}]},{\"@type\":\"WebSite\",\"@id\":\"https:\/\/worknax.com\/es\/#website\",\"url\":\"https:\/\/worknax.com\/es\/\",\"name\":\"worknax\",\"description\":\"\",\"publisher\":{\"@id\":\"https:\/\/worknax.com\/es\/#organization\"},\"potentialAction\":[{\"@type\":\"SearchAction\",\"target\":{\"@type\":\"EntryPoint\",\"urlTemplate\":\"https:\/\/worknax.com\/es\/?s={search_term_string}\"},\"query-input\":\"required name=search_term_string\"}],\"inLanguage\":\"pt-BR\"},{\"@type\":\"Organization\",\"@id\":\"https:\/\/worknax.com\/es\/#organization\",\"name\":\"worknax\",\"url\":\"https:\/\/worknax.com\/es\/\",\"logo\":{\"@type\":\"ImageObject\",\"inLanguage\":\"pt-BR\",\"@id\":\"https:\/\/worknax.com\/es\/#\/schema\/logo\/image\/\",\"url\":\"https:\/\/worknax.com\/wp-content\/uploads\/sites\/159\/2025\/03\/cropped-cropped-Logotipo-moderno-para-ensino-cerebro-azul-amarelo-e-laranja-1.png\",\"contentUrl\":\"https:\/\/worknax.com\/wp-content\/uploads\/sites\/159\/2025\/03\/cropped-cropped-Logotipo-moderno-para-ensino-cerebro-azul-amarelo-e-laranja-1.png\",\"width\":512,\"height\":512,\"caption\":\"worknax\"},\"image\":{\"@id\":\"https:\/\/worknax.com\/es\/#\/schema\/logo\/image\/\"}}]}<\/script>\n<!-- \/ Yoast SEO plugin. -->","yoast_head_json":{"title":"Terms of Use - worknax","robots":{"index":"index","follow":"follow","max-snippet":"max-snippet:-1","max-image-preview":"max-image-preview:large","max-video-preview":"max-video-preview:-1"},"canonical":"https:\/\/worknax.com\/pt\/terms-of-use\/","og_locale":"pt_BR","og_type":"article","og_title":"Terms of Use - worknax","og_description":"Last updated: March 27, 2025 WorkNax operates as an independent digital learning platform offering educational content and online courses focused on skill development, career growth, and personal improvement. By accessing or using this website, you agree to abide by the terms, conditions, and policies outlined below. These Terms of Use define the rights and responsibilities [&hellip;]","og_url":"https:\/\/worknax.com\/pt\/terms-of-use\/","og_site_name":"worknax","article_modified_time":"2025-11-24T18:47:14+00:00","twitter_card":"summary_large_image","twitter_misc":{"Est. reading time":"4 minutos"},"schema":{"@context":"https:\/\/schema.org","@graph":[{"@type":"WebPage","@id":"https:\/\/worknax.com\/es\/terms-of-use\/","url":"https:\/\/worknax.com\/es\/terms-of-use\/","name":"Terms of Use - worknax","isPartOf":{"@id":"https:\/\/worknax.com\/es\/#website"},"datePublished":"2025-03-27T16:12:41+00:00","dateModified":"2025-11-24T18:47:14+00:00","breadcrumb":{"@id":"https:\/\/worknax.com\/es\/terms-of-use\/#breadcrumb"},"inLanguage":"pt-BR","potentialAction":[{"@type":"ReadAction","target":["https:\/\/worknax.com\/es\/terms-of-use\/"]}]},{"@type":"BreadcrumbList","@id":"https:\/\/worknax.com\/es\/terms-of-use\/#breadcrumb","itemListElement":[{"@type":"ListItem","position":1,"name":"Home","item":"https:\/\/worknax.com\/es\/"},{"@type":"ListItem","position":2,"name":"Terms of Use"}]},{"@type":"WebSite","@id":"https:\/\/worknax.com\/es\/#website","url":"https:\/\/worknax.com\/es\/","name":"worknax","description":"","publisher":{"@id":"https:\/\/worknax.com\/es\/#organization"},"potentialAction":[{"@type":"SearchAction","target":{"@type":"EntryPoint","urlTemplate":"https:\/\/worknax.com\/es\/?s={search_term_string}"},"query-input":"required name=search_term_string"}],"inLanguage":"pt-BR"},{"@type":"Organization","@id":"https:\/\/worknax.com\/es\/#organization","name":"worknax","url":"https:\/\/worknax.com\/es\/","logo":{"@type":"ImageObject","inLanguage":"pt-BR","@id":"https:\/\/worknax.com\/es\/#\/schema\/logo\/image\/","url":"https:\/\/worknax.com\/wp-content\/uploads\/sites\/159\/2025\/03\/cropped-cropped-Logotipo-moderno-para-ensino-cerebro-azul-amarelo-e-laranja-1.png","contentUrl":"https:\/\/worknax.com\/wp-content\/uploads\/sites\/159\/2025\/03\/cropped-cropped-Logotipo-moderno-para-ensino-cerebro-azul-amarelo-e-laranja-1.png","width":512,"height":512,"caption":"worknax"},"image":{"@id":"https:\/\/worknax.com\/es\/#\/schema\/logo\/image\/"}}]}},"_links":{"self":[{"href":"https:\/\/worknax.com\/pt\/wp-json\/wp\/v2\/pages\/316"}],"collection":[{"href":"https:\/\/worknax.com\/pt\/wp-json\/wp\/v2\/pages"}],"about":[{"href":"https:\/\/worknax.com\/pt\/wp-json\/wp\/v2\/types\/page"}],"author":[{"embeddable":true,"href":"https:\/\/worknax.com\/pt\/wp-json\/wp\/v2\/users\/76"}],"replies":[{"embeddable":true,"href":"https:\/\/worknax.com\/pt\/wp-json\/wp\/v2\/comments?post=316"}],"version-history":[{"count":8,"href":"https:\/\/worknax.com\/pt\/wp-json\/wp\/v2\/pages\/316\/revisions"}],"predecessor-version":[{"id":886,"href":"https:\/\/worknax.com\/pt\/wp-json\/wp\/v2\/pages\/316\/revisions\/886"}],"wp:attachment":[{"href":"https:\/\/worknax.com\/pt\/wp-json\/wp\/v2\/media?parent=316"}],"curies":[{"name":"wp","href":"https:\/\/api.w.org\/{rel}","templated":true}]}}