    {"id":314,"date":"2025-03-27T16:10:32","date_gmt":"2025-03-27T16:10:32","guid":{"rendered":"https:\/\/worknax.com\/?page_id=314"},"modified":"2025-11-22T12:33:40","modified_gmt":"2025-11-22T12:33:40","slug":"about-us","status":"publish","type":"page","link":"https:\/\/worknax.com\/pt\/about-us\/","title":{"rendered":"Sobre n\u00f3s"},"content":{"rendered":"<p>Bem-vindo ao <strong>WorkNax<\/strong> \u2014 Seu espa\u00e7o para aprender com clareza, crescer com prop\u00f3sito e avan\u00e7ar com confian\u00e7a. Seja voc\u00ea um iniciante, esteja mudando de rumo ou aprimorando suas habilidades, estamos aqui para ajud\u00e1-lo a aprender de forma mais inteligente e progredir mais r\u00e1pido.<\/p>\n\n\n\n<h2 class=\"wp-block-heading\">O que nos move<\/h2>\n\n\n\n<p>Na WorkNax, acreditamos que o aprendizado deve ser eficiente, pr\u00e1tico e baseado em resultados reais. Nossa miss\u00e3o \u00e9 transformar t\u00f3picos complexos em li\u00e7\u00f5es claras e acess\u00edveis que ajudem voc\u00ea a desenvolver habilidades s\u00f3lidas, tomar melhores decis\u00f5es e se manter preparado para um mundo digital em constante transforma\u00e7\u00e3o.<\/p>\n\n\n\n<p>Nosso foco \u00e9 oferecer experi\u00eancias de aprendizado estruturadas, intuitivas e de alta qualidade que te ajudem a progredir no seu pr\u00f3prio ritmo, enquanto desenvolve as habilidades que realmente importam para o seu crescimento pessoal e profissional.<\/p>\n\n\n\n<h2 class=\"wp-block-heading\">Quem somos<\/h2>\n\n\n\n<p>Somos uma equipe de criadores, educadores e aprendizes ao longo da vida, comprometidos em transformar conhecimento em a\u00e7\u00e3o. Tudo o que constru\u00edmos \u00e9 projetado para fortalecer suas capacidades, aprimorar seu desempenho e apoiar seu desenvolvimento a longo prazo.<\/p>\n\n\n\n<p>Aqui, voc\u00ea n\u00e3o est\u00e1 apenas adquirindo informa\u00e7\u00f5es \u2014 voc\u00ea est\u00e1 expandindo seu potencial por meio de um aprendizado que lhe permite se adaptar, resolver problemas e evoluir continuamente.<\/p>\n\n\n\n<h2 class=\"wp-block-heading\">Envolva-se<\/h2>\n\n\n\n<p>Tem uma ideia, um tema que gostaria de explorar ou uma habilidade que deseja dominar? Adorar\u00edamos saber! Sua opini\u00e3o orienta nossos pr\u00f3ximos passos e nos ajuda a criar experi\u00eancias de aprendizado impactantes que realmente contribuem para sua jornada.<\/p>\n\n\n\n<p>Vamos continuar construindo seu futuro juntos \u2014 uma ideia, uma habilidade, uma descoberta de cada vez.<\/p>","protected":false},"excerpt":{"rendered":"<p>Bem-vindo(a) ao WorkNax \u2013 seu espa\u00e7o para aprender com clareza, crescer com prop\u00f3sito e avan\u00e7ar com confian\u00e7a. Seja voc\u00ea um iniciante, esteja mudando de rumo ou aprimorando suas habilidades, estamos aqui para ajud\u00e1-lo(a) a aprender de forma mais inteligente e progredir mais r\u00e1pido. O que nos motiva? No WorkNax, acreditamos que o aprendizado deve ser eficiente, pr\u00e1tico e fundamentado em situa\u00e7\u00f5es reais [\u2026]<\/p>","protected":false},"author":76,"featured_media":0,"parent":0,"menu_order":0,"comment_status":"closed","ping_status":"closed","template":"","meta":{"footnotes":""},"yoast_head":"<!-- This site is optimized with the Yoast SEO plugin v23.3 - https:\/\/yoast.com\/wordpress\/plugins\/seo\/ -->\n<title>About Us - worknax<\/title>\n<meta name=\"robots\" content=\"index, follow, max-snippet:-1, max-image-preview:large, max-video-preview:-1\" \/>\n<link rel=\"canonical\" href=\"https:\/\/worknax.com\/pt\/about-us\/\" \/>\n<meta property=\"og:locale\" content=\"pt_BR\" \/>\n<meta property=\"og:type\" content=\"article\" \/>\n<meta property=\"og:title\" content=\"About Us - worknax\" \/>\n<meta property=\"og:description\" content=\"Welcome to WorkNax \u2013 your space to learn with clarity, grow with purpose, and move forward with confidence. Whether you&#8217;re just beginning, switching paths, or leveling up your abilities, we\u2019re here to help you learn smarter and advance faster. What drives us At WorkNax, we believe learning should be efficient, practical, and grounded in real-world [&hellip;]\" \/>\n<meta property=\"og:url\" content=\"https:\/\/worknax.com\/pt\/about-us\/\" \/>\n<meta property=\"og:site_name\" content=\"worknax\" \/>\n<meta property=\"article:modified_time\" content=\"2025-11-22T12:33:40+00:00\" \/>\n<meta name=\"twitter:card\" content=\"summary_large_image\" \/>\n<meta name=\"twitter:label1\" content=\"Est. reading time\" \/>\n\t<meta name=\"twitter:data1\" content=\"1 minuto\" \/>\n<script type=\"application\/ld+json\" class=\"yoast-schema-graph\">{\"@context\":\"https:\/\/schema.org\",\"@graph\":[{\"@type\":\"WebPage\",\"@id\":\"https:\/\/worknax.com\/es\/about-us\/\",\"url\":\"https:\/\/worknax.com\/es\/about-us\/\",\"name\":\"About Us - worknax\",\"isPartOf\":{\"@id\":\"https:\/\/worknax.com\/es\/#website\"},\"datePublished\":\"2025-03-27T16:10:32+00:00\",\"dateModified\":\"2025-11-22T12:33:40+00:00\",\"breadcrumb\":{\"@id\":\"https:\/\/worknax.com\/es\/about-us\/#breadcrumb\"},\"inLanguage\":\"pt-BR\",\"potentialAction\":[{\"@type\":\"ReadAction\",\"target\":[\"https:\/\/worknax.com\/es\/about-us\/\"]}]},{\"@type\":\"BreadcrumbList\",\"@id\":\"https:\/\/worknax.com\/es\/about-us\/#breadcrumb\",\"itemListElement\":[{\"@type\":\"ListItem\",\"position\":1,\"name\":\"Home\",\"item\":\"https:\/\/worknax.com\/es\/\"},{\"@type\":\"ListItem\",\"position\":2,\"name\":\"About Us\"}]},{\"@type\":\"WebSite\",\"@id\":\"https:\/\/worknax.com\/es\/#website\",\"url\":\"https:\/\/worknax.com\/es\/\",\"name\":\"worknax\",\"description\":\"\",\"publisher\":{\"@id\":\"https:\/\/worknax.com\/es\/#organization\"},\"potentialAction\":[{\"@type\":\"SearchAction\",\"target\":{\"@type\":\"EntryPoint\",\"urlTemplate\":\"https:\/\/worknax.com\/es\/?s={search_term_string}\"},\"query-input\":\"required name=search_term_string\"}],\"inLanguage\":\"pt-BR\"},{\"@type\":\"Organization\",\"@id\":\"https:\/\/worknax.com\/es\/#organization\",\"name\":\"worknax\",\"url\":\"https:\/\/worknax.com\/es\/\",\"logo\":{\"@type\":\"ImageObject\",\"inLanguage\":\"pt-BR\",\"@id\":\"https:\/\/worknax.com\/es\/#\/schema\/logo\/image\/\",\"url\":\"https:\/\/worknax.com\/wp-content\/uploads\/sites\/159\/2025\/03\/cropped-cropped-Logotipo-moderno-para-ensino-cerebro-azul-amarelo-e-laranja-1.png\",\"contentUrl\":\"https:\/\/worknax.com\/wp-content\/uploads\/sites\/159\/2025\/03\/cropped-cropped-Logotipo-moderno-para-ensino-cerebro-azul-amarelo-e-laranja-1.png\",\"width\":512,\"height\":512,\"caption\":\"worknax\"},\"image\":{\"@id\":\"https:\/\/worknax.com\/es\/#\/schema\/logo\/image\/\"}}]}<\/script>\n<!-- \/ Yoast SEO plugin. -->","yoast_head_json":{"title":"About Us - worknax","robots":{"index":"index","follow":"follow","max-snippet":"max-snippet:-1","max-image-preview":"max-image-preview:large","max-video-preview":"max-video-preview:-1"},"canonical":"https:\/\/worknax.com\/pt\/about-us\/","og_locale":"pt_BR","og_type":"article","og_title":"About Us - worknax","og_description":"Welcome to WorkNax \u2013 your space to learn with clarity, grow with purpose, and move forward with confidence. Whether you&#8217;re just beginning, switching paths, or leveling up your abilities, we\u2019re here to help you learn smarter and advance faster. What drives us At WorkNax, we believe learning should be efficient, practical, and grounded in real-world [&hellip;]","og_url":"https:\/\/worknax.com\/pt\/about-us\/","og_site_name":"worknax","article_modified_time":"2025-11-22T12:33:40+00:00","twitter_card":"summary_large_image","twitter_misc":{"Est. reading time":"1 minuto"},"schema":{"@context":"https:\/\/schema.org","@graph":[{"@type":"WebPage","@id":"https:\/\/worknax.com\/es\/about-us\/","url":"https:\/\/worknax.com\/es\/about-us\/","name":"About Us - worknax","isPartOf":{"@id":"https:\/\/worknax.com\/es\/#website"},"datePublished":"2025-03-27T16:10:32+00:00","dateModified":"2025-11-22T12:33:40+00:00","breadcrumb":{"@id":"https:\/\/worknax.com\/es\/about-us\/#breadcrumb"},"inLanguage":"pt-BR","potentialAction":[{"@type":"ReadAction","target":["https:\/\/worknax.com\/es\/about-us\/"]}]},{"@type":"BreadcrumbList","@id":"https:\/\/worknax.com\/es\/about-us\/#breadcrumb","itemListElement":[{"@type":"ListItem","position":1,"name":"Home","item":"https:\/\/worknax.com\/es\/"},{"@type":"ListItem","position":2,"name":"About Us"}]},{"@type":"WebSite","@id":"https:\/\/worknax.com\/es\/#website","url":"https:\/\/worknax.com\/es\/","name":"worknax","description":"","publisher":{"@id":"https:\/\/worknax.com\/es\/#organization"},"potentialAction":[{"@type":"SearchAction","target":{"@type":"EntryPoint","urlTemplate":"https:\/\/worknax.com\/es\/?s={search_term_string}"},"query-input":"required name=search_term_string"}],"inLanguage":"pt-BR"},{"@type":"Organization","@id":"https:\/\/worknax.com\/es\/#organization","name":"worknax","url":"https:\/\/worknax.com\/es\/","logo":{"@type":"ImageObject","inLanguage":"pt-BR","@id":"https:\/\/worknax.com\/es\/#\/schema\/logo\/image\/","url":"https:\/\/worknax.com\/wp-content\/uploads\/sites\/159\/2025\/03\/cropped-cropped-Logotipo-moderno-para-ensino-cerebro-azul-amarelo-e-laranja-1.png","contentUrl":"https:\/\/worknax.com\/wp-content\/uploads\/sites\/159\/2025\/03\/cropped-cropped-Logotipo-moderno-para-ensino-cerebro-azul-amarelo-e-laranja-1.png","width":512,"height":512,"caption":"worknax"},"image":{"@id":"https:\/\/worknax.com\/es\/#\/schema\/logo\/image\/"}}]}},"_links":{"self":[{"href":"https:\/\/worknax.com\/pt\/wp-json\/wp\/v2\/pages\/314"}],"collection":[{"href":"https:\/\/worknax.com\/pt\/wp-json\/wp\/v2\/pages"}],"about":[{"href":"https:\/\/worknax.com\/pt\/wp-json\/wp\/v2\/types\/page"}],"author":[{"embeddable":true,"href":"https:\/\/worknax.com\/pt\/wp-json\/wp\/v2\/users\/76"}],"replies":[{"embeddable":true,"href":"https:\/\/worknax.com\/pt\/wp-json\/wp\/v2\/comments?post=314"}],"version-history":[{"count":2,"href":"https:\/\/worknax.com\/pt\/wp-json\/wp\/v2\/pages\/314\/revisions"}],"predecessor-version":[{"id":878,"href":"https:\/\/worknax.com\/pt\/wp-json\/wp\/v2\/pages\/314\/revisions\/878"}],"wp:attachment":[{"href":"https:\/\/worknax.com\/pt\/wp-json\/wp\/v2\/media?parent=314"}],"curies":[{"name":"wp","href":"https:\/\/api.w.org\/{rel}","templated":true}]}}