    {"id":312,"date":"2025-03-27T16:09:45","date_gmt":"2025-03-27T16:09:45","guid":{"rendered":"https:\/\/worknax.com\/?page_id=312"},"modified":"2025-11-24T18:09:17","modified_gmt":"2025-11-24T18:09:17","slug":"contact","status":"publish","type":"page","link":"https:\/\/worknax.com\/pt\/contact\/","title":{"rendered":"Contato"},"content":{"rendered":"<p>Obrigado pela visita <strong>WorkNax<\/strong>, sua plataforma confi\u00e1vel para aprendizado, desenvolvimento profissional e crescimento cont\u00ednuo. Valorizamos suas mensagens e estamos aqui para apoiar, conectar e colaborar com voc\u00ea.<\/p>\n\n\n\n<h3 class=\"wp-block-heading\">Consultas Gerais<\/h3>\n\n\n\n<p>Tem alguma d\u00favida sobre o WorkNax ou simplesmente quer entrar em contato? Envie um e-mail para <strong>contato@worknax.com<\/strong><br>Adoramos ouvir a opini\u00e3o da nossa comunidade e entraremos em contato com voc\u00ea o mais breve poss\u00edvel.<\/p>\n\n\n\n<h3 class=\"wp-block-heading\">Sugest\u00f5es e Contribui\u00e7\u00f5es para o Curso<\/h3>\n\n\n\n<p>Tem uma ideia para um novo curso? Quer compartilhar sua experi\u00eancia ou sugerir um t\u00f3pico que devemos abordar? Entre em contato conosco <strong>contato@worknax.com<\/strong><br>Estamos sempre buscando novas perspectivas e vozes no mundo da educa\u00e7\u00e3o e qualifica\u00e7\u00e3o.<\/p>\n\n\n\n<h3 class=\"wp-block-heading\">Suporte t\u00e9cnico<\/h3>\n\n\n\n<p>Se voc\u00ea estiver enfrentando algum problema com nossa plataforma ou precisar de ajuda para acessar o conte\u00fado do curso, n\u00e3o hesite em nos contatar em <strong>contato@worknax.com<\/strong><br>Estamos aqui para garantir que sua jornada de aprendizado seja a mais tranquila poss\u00edvel.<\/p>\n\n\n\n<h3 class=\"wp-block-heading\">Fique conectado<\/h3>\n\n\n\n<p>WorkNax \u00e9 uma plataforma digital criada para estudantes do mundo todo. Embora n\u00e3o operemos em um escrit\u00f3rio f\u00edsico, estamos sempre online \u2014 prontos para ouvir, apoiar e crescer com voc\u00ea.<\/p>\n\n\n\n<p>Obrigado novamente por fazer parte da comunidade WorkNax. Aguardamos seu contato!<\/p>\n\n\n\n<p>Atenciosamente,<br><strong>A equipe WorkNax<\/strong><\/p>","protected":false},"excerpt":{"rendered":"<p>Obrigado por visitar o WorkNax, sua plataforma confi\u00e1vel para aprendizado, desenvolvimento profissional e crescimento cont\u00ednuo. Valorizamos muito suas mensagens e estamos aqui para apoi\u00e1-lo, conectar-se e colaborar com voc\u00ea. D\u00favidas gerais: Tem alguma d\u00favida sobre o WorkNax ou apenas deseja entrar em contato? Envie um e-mail para contact@worknax.com. Adoramos ouvir a opini\u00e3o da nossa comunidade e [\u2026]<\/p>","protected":false},"author":76,"featured_media":0,"parent":0,"menu_order":0,"comment_status":"closed","ping_status":"closed","template":"","meta":{"footnotes":""},"yoast_head":"<!-- This site is optimized with the Yoast SEO plugin v23.3 - https:\/\/yoast.com\/wordpress\/plugins\/seo\/ -->\n<title>Contact - worknax<\/title>\n<meta name=\"robots\" content=\"index, follow, max-snippet:-1, max-image-preview:large, max-video-preview:-1\" \/>\n<link rel=\"canonical\" href=\"https:\/\/worknax.com\/pt\/contact\/\" \/>\n<meta property=\"og:locale\" content=\"pt_BR\" \/>\n<meta property=\"og:type\" content=\"article\" \/>\n<meta property=\"og:title\" content=\"Contact - worknax\" \/>\n<meta property=\"og:description\" content=\"Thank you for visiting WorkNax, your trusted platform for learning, professional development, and lifelong growth. We truly value your messages and are here to support, connect, and collaborate with you. General Inquiries Have a question about WorkNax or just want to reach out? Email us at contact@worknax.comWe love hearing from our community and will get [&hellip;]\" \/>\n<meta property=\"og:url\" content=\"https:\/\/worknax.com\/pt\/contact\/\" \/>\n<meta property=\"og:site_name\" content=\"worknax\" \/>\n<meta property=\"article:modified_time\" content=\"2025-11-24T18:09:17+00:00\" \/>\n<meta name=\"twitter:card\" content=\"summary_large_image\" \/>\n<meta name=\"twitter:label1\" content=\"Est. reading time\" \/>\n\t<meta name=\"twitter:data1\" content=\"1 minuto\" \/>\n<script type=\"application\/ld+json\" class=\"yoast-schema-graph\">{\"@context\":\"https:\/\/schema.org\",\"@graph\":[{\"@type\":\"WebPage\",\"@id\":\"https:\/\/worknax.com\/contact\/\",\"url\":\"https:\/\/worknax.com\/contact\/\",\"name\":\"Contact - worknax\",\"isPartOf\":{\"@id\":\"https:\/\/worknax.com\/es\/#website\"},\"datePublished\":\"2025-03-27T16:09:45+00:00\",\"dateModified\":\"2025-11-24T18:09:17+00:00\",\"breadcrumb\":{\"@id\":\"https:\/\/worknax.com\/contact\/#breadcrumb\"},\"inLanguage\":\"pt-BR\",\"potentialAction\":[{\"@type\":\"ReadAction\",\"target\":[\"https:\/\/worknax.com\/contact\/\"]}]},{\"@type\":\"BreadcrumbList\",\"@id\":\"https:\/\/worknax.com\/contact\/#breadcrumb\",\"itemListElement\":[{\"@type\":\"ListItem\",\"position\":1,\"name\":\"Home\",\"item\":\"https:\/\/worknax.com\/es\/\"},{\"@type\":\"ListItem\",\"position\":2,\"name\":\"Contact\"}]},{\"@type\":\"WebSite\",\"@id\":\"https:\/\/worknax.com\/es\/#website\",\"url\":\"https:\/\/worknax.com\/es\/\",\"name\":\"worknax\",\"description\":\"\",\"publisher\":{\"@id\":\"https:\/\/worknax.com\/es\/#organization\"},\"potentialAction\":[{\"@type\":\"SearchAction\",\"target\":{\"@type\":\"EntryPoint\",\"urlTemplate\":\"https:\/\/worknax.com\/es\/?s={search_term_string}\"},\"query-input\":\"required name=search_term_string\"}],\"inLanguage\":\"pt-BR\"},{\"@type\":\"Organization\",\"@id\":\"https:\/\/worknax.com\/es\/#organization\",\"name\":\"worknax\",\"url\":\"https:\/\/worknax.com\/es\/\",\"logo\":{\"@type\":\"ImageObject\",\"inLanguage\":\"pt-BR\",\"@id\":\"https:\/\/worknax.com\/es\/#\/schema\/logo\/image\/\",\"url\":\"https:\/\/worknax.com\/wp-content\/uploads\/sites\/159\/2025\/03\/cropped-cropped-Logotipo-moderno-para-ensino-cerebro-azul-amarelo-e-laranja-1.png\",\"contentUrl\":\"https:\/\/worknax.com\/wp-content\/uploads\/sites\/159\/2025\/03\/cropped-cropped-Logotipo-moderno-para-ensino-cerebro-azul-amarelo-e-laranja-1.png\",\"width\":512,\"height\":512,\"caption\":\"worknax\"},\"image\":{\"@id\":\"https:\/\/worknax.com\/es\/#\/schema\/logo\/image\/\"}}]}<\/script>\n<!-- \/ Yoast SEO plugin. -->","yoast_head_json":{"title":"Contact - worknax","robots":{"index":"index","follow":"follow","max-snippet":"max-snippet:-1","max-image-preview":"max-image-preview:large","max-video-preview":"max-video-preview:-1"},"canonical":"https:\/\/worknax.com\/pt\/contact\/","og_locale":"pt_BR","og_type":"article","og_title":"Contact - worknax","og_description":"Thank you for visiting WorkNax, your trusted platform for learning, professional development, and lifelong growth. We truly value your messages and are here to support, connect, and collaborate with you. General Inquiries Have a question about WorkNax or just want to reach out? Email us at contact@worknax.comWe love hearing from our community and will get [&hellip;]","og_url":"https:\/\/worknax.com\/pt\/contact\/","og_site_name":"worknax","article_modified_time":"2025-11-24T18:09:17+00:00","twitter_card":"summary_large_image","twitter_misc":{"Est. reading time":"1 minuto"},"schema":{"@context":"https:\/\/schema.org","@graph":[{"@type":"WebPage","@id":"https:\/\/worknax.com\/contact\/","url":"https:\/\/worknax.com\/contact\/","name":"Contact - worknax","isPartOf":{"@id":"https:\/\/worknax.com\/es\/#website"},"datePublished":"2025-03-27T16:09:45+00:00","dateModified":"2025-11-24T18:09:17+00:00","breadcrumb":{"@id":"https:\/\/worknax.com\/contact\/#breadcrumb"},"inLanguage":"pt-BR","potentialAction":[{"@type":"ReadAction","target":["https:\/\/worknax.com\/contact\/"]}]},{"@type":"BreadcrumbList","@id":"https:\/\/worknax.com\/contact\/#breadcrumb","itemListElement":[{"@type":"ListItem","position":1,"name":"Home","item":"https:\/\/worknax.com\/es\/"},{"@type":"ListItem","position":2,"name":"Contact"}]},{"@type":"WebSite","@id":"https:\/\/worknax.com\/es\/#website","url":"https:\/\/worknax.com\/es\/","name":"worknax","description":"","publisher":{"@id":"https:\/\/worknax.com\/es\/#organization"},"potentialAction":[{"@type":"SearchAction","target":{"@type":"EntryPoint","urlTemplate":"https:\/\/worknax.com\/es\/?s={search_term_string}"},"query-input":"required name=search_term_string"}],"inLanguage":"pt-BR"},{"@type":"Organization","@id":"https:\/\/worknax.com\/es\/#organization","name":"worknax","url":"https:\/\/worknax.com\/es\/","logo":{"@type":"ImageObject","inLanguage":"pt-BR","@id":"https:\/\/worknax.com\/es\/#\/schema\/logo\/image\/","url":"https:\/\/worknax.com\/wp-content\/uploads\/sites\/159\/2025\/03\/cropped-cropped-Logotipo-moderno-para-ensino-cerebro-azul-amarelo-e-laranja-1.png","contentUrl":"https:\/\/worknax.com\/wp-content\/uploads\/sites\/159\/2025\/03\/cropped-cropped-Logotipo-moderno-para-ensino-cerebro-azul-amarelo-e-laranja-1.png","width":512,"height":512,"caption":"worknax"},"image":{"@id":"https:\/\/worknax.com\/es\/#\/schema\/logo\/image\/"}}]}},"_links":{"self":[{"href":"https:\/\/worknax.com\/pt\/wp-json\/wp\/v2\/pages\/312"}],"collection":[{"href":"https:\/\/worknax.com\/pt\/wp-json\/wp\/v2\/pages"}],"about":[{"href":"https:\/\/worknax.com\/pt\/wp-json\/wp\/v2\/types\/page"}],"author":[{"embeddable":true,"href":"https:\/\/worknax.com\/pt\/wp-json\/wp\/v2\/users\/76"}],"replies":[{"embeddable":true,"href":"https:\/\/worknax.com\/pt\/wp-json\/wp\/v2\/comments?post=312"}],"version-history":[{"count":4,"href":"https:\/\/worknax.com\/pt\/wp-json\/wp\/v2\/pages\/312\/revisions"}],"predecessor-version":[{"id":882,"href":"https:\/\/worknax.com\/pt\/wp-json\/wp\/v2\/pages\/312\/revisions\/882"}],"wp:attachment":[{"href":"https:\/\/worknax.com\/pt\/wp-json\/wp\/v2\/media?parent=312"}],"curies":[{"name":"wp","href":"https:\/\/api.w.org\/{rel}","templated":true}]}}