    {"id":316,"date":"2025-03-27T16:12:41","date_gmt":"2025-03-27T16:12:41","guid":{"rendered":"https:\/\/worknax.com\/?page_id=316"},"modified":"2025-11-24T18:47:14","modified_gmt":"2025-11-24T18:47:14","slug":"terms-of-use","status":"publish","type":"page","link":"https:\/\/worknax.com\/fr\/terms-of-use\/","title":{"rendered":"Conditions d&#039;utilisation"},"content":{"rendered":"<p><strong>Derni\u00e8re mise \u00e0 jour : 27 mars 2025<\/strong><\/p>\n\n\n\n<p>WorkNax est une plateforme d&#039;apprentissage num\u00e9rique ind\u00e9pendante proposant des contenus p\u00e9dagogiques et des cours en ligne ax\u00e9s sur le d\u00e9veloppement des comp\u00e9tences, l&#039;\u00e9volution de carri\u00e8re et l&#039;\u00e9panouissement personnel. En acc\u00e9dant \u00e0 ce site web ou en l&#039;utilisant, vous acceptez de respecter les conditions g\u00e9n\u00e9rales et les politiques d\u00e9crites ci-dessous.<\/p>\n\n\n\n<p>Les pr\u00e9sentes conditions d&#039;utilisation d\u00e9finissent les droits et les responsabilit\u00e9s des utilisateurs interagissant avec la plateforme WorkNax. L&#039;utilisation du site web est \u00e9galement soumise \u00e0 notre politique de confidentialit\u00e9.<\/p>\n\n\n\n<p><strong>VEUILLEZ LIRE ATTENTIVEMENT LES PR\u00c9SENTES CONDITIONS. SI VOUS N&#039;\u00caTES PAS D&#039;ACCORD AVEC ELLES, VEUILLEZ NE PAS UTILISER WORKNAX NI AUCUN DE SES SERVICES.<\/strong><\/p>\n\n\n\n<h3 class=\"wp-block-heading\">Article I \u2013 Contrat d\u2019utilisation<\/h3>\n\n\n\n<p>1.1 En utilisant WorkNax, vous confirmez votre acceptation pleine et enti\u00e8re des pr\u00e9sentes Conditions d&#039;utilisation et de notre Politique de confidentialit\u00e9.<br>1.2 Vous devez avoir au moins 18 ans ou avoir la capacit\u00e9 juridique dans votre juridiction pour utiliser cette plateforme.<br>1.3 Si vous ne remplissez pas ces conditions ou si vous n&#039;\u00eates pas d&#039;accord avec une partie quelconque de ces conditions, vous ne pouvez pas acc\u00e9der \u00e0 nos services ni les utiliser.<\/p>\n\n\n\n<h3 class=\"wp-block-heading\">Article II \u2013 Communication<\/h3>\n\n\n\n<p>2.1 WorkNax fournit des canaux de communication permettant aux utilisateurs de poser des questions, d&#039;envoyer des suggestions ou de signaler des probl\u00e8mes techniques.<br>2.2 Vous pouvez nous contacter via notre page de contact ou via les adresses \u00e9lectroniques d\u00e9sign\u00e9es qui y figurent.<\/p>\n\n\n\n<h3 class=\"wp-block-heading\">Article III \u2013 Responsabilit\u00e9s des Parties<\/h3>\n\n\n\n<p>3.1 Les utilisateurs doivent accepter et respecter les pr\u00e9sentes conditions d&#039;utilisation et la politique de confidentialit\u00e9 lorsqu&#039;ils interagissent avec le contenu ou les services de WorkNax.<br>3.2 WorkNax peut inclure des liens vers des sites web tiers pour des informations ou r\u00e9f\u00e9rences suppl\u00e9mentaires. Ces liens sont fournis uniquement \u00e0 titre indicatif.<br>3.3 Une fois redirig\u00e9, vous \u00eates soumis aux politiques du site tiers. WorkNax d\u00e9cline toute responsabilit\u00e9 quant \u00e0 l&#039;exactitude, aux pratiques et \u00e0 la fiabilit\u00e9 des sites web externes.<br>3.4 Les utilisateurs sont seuls responsables de la s\u00e9curit\u00e9 de leur connexion Internet, de leur appareil et de l&#039;acc\u00e8s \u00e0 leur compte lorsqu&#039;ils utilisent WorkNax.<br>3.5 WorkNax n&#039;est pas responsable des dommages caus\u00e9s par des d\u00e9faillances techniques, un acc\u00e8s non autoris\u00e9 ou une mauvaise utilisation de la plateforme hors de notre contr\u00f4le.<br>3.6 Nous ne vous demanderons jamais de virements bancaires, de donn\u00e9es confidentielles ou d&#039;informations personnelles sensibles par des canaux non officiels.<br>3.7 Tout message ou activit\u00e9 suspecte au nom de WorkNax doit \u00eatre imm\u00e9diatement signal\u00e9 via notre page de contact.<\/p>\n\n\n\n<h3 class=\"wp-block-heading\">Article IV \u2013 Conduite interdite<\/h3>\n\n\n\n<p>Il est strictement interdit aux utilisateurs de\u00a0:<\/p>\n\n\n\n<ul>\n<li>Se livrer \u00e0 des comportements ill\u00e9gaux, frauduleux ou malveillants\u00a0;<\/li>\n\n\n\n<li>Violation des droits de propri\u00e9t\u00e9 intellectuelle ou des lois sur la protection de la vie priv\u00e9e\u00a0;<\/li>\n\n\n\n<li>T\u00e9l\u00e9chargement ou distribution de virus ou de codes malveillants\u00a0;<\/li>\n\n\n\n<li>Usurper l&#039;identit\u00e9 de personnes ou d&#039;entit\u00e9s ;<\/li>\n\n\n\n<li>Collecte de donn\u00e9es sans consentement ;<\/li>\n\n\n\n<li>Diffusion de contenu trompeur ou non autoris\u00e9\u00a0;<\/li>\n\n\n\n<li>Harceler, diffamer ou menacer autrui ;<\/li>\n\n\n\n<li>Tentative de piratage ou de perturbation du fonctionnement de la plateforme.<\/li>\n<\/ul>\n\n\n\n<p>Toute violation pourra entra\u00eener la suspension ou la r\u00e9siliation d\u00e9finitive de l&#039;acc\u00e8s \u00e0 WorkNax, sans pr\u00e9avis.<\/p>\n\n\n\n<h3 class=\"wp-block-heading\">Article V \u2013 Limitation de responsabilit\u00e9 et garanties<\/h3>\n\n\n\n<p>WorkNax fournit ses services et son contenu \u00ab en l\u2019\u00e9tat \u00bb et \u00ab selon leur disponibilit\u00e9 \u00bb, sans garantie expresse ou implicite.<br>Nous ne garantissons pas un acc\u00e8s ininterrompu, des documents exempts d&#039;erreurs, ni que le contenu sera toujours \u00e0 jour ou adapt\u00e9 \u00e0 tous les usages.<br>Dans toute la mesure permise par la loi, WorkNax d\u00e9cline toute responsabilit\u00e9 pour tout dommage direct, indirect, accessoire ou cons\u00e9cutif li\u00e9 \u00e0 l&#039;utilisation du site ou de son contenu.<\/p>\n\n\n\n<h3 class=\"wp-block-heading\">Article VI \u2013 Dur\u00e9e et d\u00e9lai l\u00e9gal<\/h3>\n\n\n\n<p>Les pr\u00e9sentes conditions d&#039;utilisation restent valables ind\u00e9finiment. Toute r\u00e9clamation ou tout litige relatif \u00e0 la plateforme doit \u00eatre introduit dans un d\u00e9lai de 90 (quatre-vingt-dix) jours \u00e0 compter de l&#039;\u00e9v\u00e9nement ayant donn\u00e9 lieu \u00e0 la r\u00e9clamation.<\/p>\n\n\n\n<h3 class=\"wp-block-heading\">Article VII \u2013 Droit applicable et juridiction<\/h3>\n\n\n\n<p>Les pr\u00e9sentes conditions d&#039;utilisation sont r\u00e9gies et interpr\u00e9t\u00e9es conform\u00e9ment aux lois applicables. <strong>lois de la R\u00e9publique d&#039;Estonie<\/strong>Tout litige, controverse ou r\u00e9clamation d\u00e9coulant des pr\u00e9sentes Conditions g\u00e9n\u00e9rales ou de l&#039;utilisation de ce site web, ou s&#039;y rapportant, sera r\u00e9solu conform\u00e9ment au droit estonien. <strong>La comp\u00e9tence exclusive des tribunaux situ\u00e9s \u00e0 Tallinn, en Estonie, est attribu\u00e9e aux tribunaux de Tallinn.<\/strong>.<br>Cette clause garantit la transparence juridique et l&#039;alignement sur les meilleures pratiques internationales de conformit\u00e9, telles que d\u00e9finies par l&#039;Estonie. <em>Loi sur les obligations<\/em> et <em>Loi sur le droit international priv\u00e9<\/em>.<\/p>\n\n\n\n<h3 class=\"wp-block-heading\">Article VIII \u2013 Propri\u00e9t\u00e9 intellectuelle<\/h3>\n\n\n\n<p>8.1 Tout le contenu de WorkNax, y compris les cours, les vid\u00e9os, les textes, les graphiques et la marque, est prot\u00e9g\u00e9 par les lois sur la propri\u00e9t\u00e9 intellectuelle.<br>8.2 Vous ne pouvez pas copier, reproduire, republier ou distribuer une quelconque partie du contenu sans l&#039;autorisation \u00e9crite de WorkNax.<br>8.3 Le contenu soumis par l&#039;utilisateur reste sous la responsabilit\u00e9 de ce dernier. WorkNax se r\u00e9serve le droit de supprimer tout contenu qui enfreint les normes l\u00e9gales ou \u00e9thiques.<\/p>\n\n\n\n<h3 class=\"wp-block-heading\">Article IX \u2013 Modifications des conditions<\/h3>\n\n\n\n<p>WorkNax se r\u00e9serve le droit de mettre \u00e0 jour, de modifier ou d&#039;interrompre tout ou partie de ces conditions g\u00e9n\u00e9rales ou services \u00e0 tout moment, sans pr\u00e9avis.<br>Il vous incombe de consulter r\u00e9guli\u00e8rement cette page. L\u2019utilisation continue de la plateforme vaut acceptation de toute modification des conditions.<\/p>\n\n\n\n<h3 class=\"wp-block-heading\">Article X \u2013 Contact<\/h3>\n\n\n\n<p>Pour toute question ou pr\u00e9occupation relative aux pr\u00e9sentes conditions d&#039;utilisation, vous pouvez nous contacter \u00e0 l&#039;adresse suivante\u00a0:<br><strong>https:\/\/worknax.com\/contact<\/strong><br><strong>E-mail:<\/strong> contact@worknax.com<\/p>\n\n\n\n<p><strong>SI VOUS N&#039;ACCEPTEZ PAS CES CONDITIONS, VEUILLEZ VOUS ABSTENIR D&#039;UTILISER WORKNAX ET SES SERVICES.<\/strong><\/p>","protected":false},"excerpt":{"rendered":"<p>Last updated: March 27, 2025 WorkNax operates as an independent digital learning platform offering educational content and online courses focused on skill development, career growth, and personal improvement. By accessing or using this website, you agree to abide by the terms, conditions, and policies outlined below. These Terms of Use define the rights and responsibilities [&hellip;]<\/p>","protected":false},"author":76,"featured_media":0,"parent":0,"menu_order":0,"comment_status":"closed","ping_status":"closed","template":"","meta":{"footnotes":""},"yoast_head":"<!-- This site is optimized with the Yoast SEO plugin v23.3 - https:\/\/yoast.com\/wordpress\/plugins\/seo\/ -->\n<title>Terms of Use - worknax<\/title>\n<meta name=\"robots\" content=\"index, follow, max-snippet:-1, max-image-preview:large, max-video-preview:-1\" \/>\n<link rel=\"canonical\" href=\"https:\/\/worknax.com\/fr\/terms-of-use\/\" \/>\n<meta property=\"og:locale\" content=\"fr_FR\" \/>\n<meta property=\"og:type\" content=\"article\" \/>\n<meta property=\"og:title\" content=\"Terms of Use - worknax\" \/>\n<meta property=\"og:description\" content=\"Last updated: March 27, 2025 WorkNax operates as an independent digital learning platform offering educational content and online courses focused on skill development, career growth, and personal improvement. By accessing or using this website, you agree to abide by the terms, conditions, and policies outlined below. These Terms of Use define the rights and responsibilities [&hellip;]\" \/>\n<meta property=\"og:url\" content=\"https:\/\/worknax.com\/fr\/terms-of-use\/\" \/>\n<meta property=\"og:site_name\" content=\"worknax\" \/>\n<meta property=\"article:modified_time\" content=\"2025-11-24T18:47:14+00:00\" \/>\n<meta name=\"twitter:card\" content=\"summary_large_image\" \/>\n<meta name=\"twitter:label1\" content=\"Est. reading time\" \/>\n\t<meta name=\"twitter:data1\" content=\"4 minutes\" \/>\n<script type=\"application\/ld+json\" class=\"yoast-schema-graph\">{\"@context\":\"https:\/\/schema.org\",\"@graph\":[{\"@type\":\"WebPage\",\"@id\":\"http:\/\/worknax.com\/terms-of-use\/\",\"url\":\"http:\/\/worknax.com\/terms-of-use\/\",\"name\":\"Terms of Use - worknax\",\"isPartOf\":{\"@id\":\"https:\/\/worknax.com\/#website\"},\"datePublished\":\"2025-03-27T16:12:41+00:00\",\"dateModified\":\"2025-11-24T18:47:14+00:00\",\"breadcrumb\":{\"@id\":\"http:\/\/worknax.com\/terms-of-use\/#breadcrumb\"},\"inLanguage\":\"fr-FR\",\"potentialAction\":[{\"@type\":\"ReadAction\",\"target\":[\"http:\/\/worknax.com\/terms-of-use\/\"]}]},{\"@type\":\"BreadcrumbList\",\"@id\":\"http:\/\/worknax.com\/terms-of-use\/#breadcrumb\",\"itemListElement\":[{\"@type\":\"ListItem\",\"position\":1,\"name\":\"Home\",\"item\":\"https:\/\/worknax.com\/\"},{\"@type\":\"ListItem\",\"position\":2,\"name\":\"Terms of Use\"}]},{\"@type\":\"WebSite\",\"@id\":\"https:\/\/worknax.com\/#website\",\"url\":\"https:\/\/worknax.com\/\",\"name\":\"worknax\",\"description\":\"\",\"publisher\":{\"@id\":\"https:\/\/worknax.com\/#organization\"},\"potentialAction\":[{\"@type\":\"SearchAction\",\"target\":{\"@type\":\"EntryPoint\",\"urlTemplate\":\"https:\/\/worknax.com\/?s={search_term_string}\"},\"query-input\":\"required name=search_term_string\"}],\"inLanguage\":\"fr-FR\"},{\"@type\":\"Organization\",\"@id\":\"https:\/\/worknax.com\/#organization\",\"name\":\"worknax\",\"url\":\"https:\/\/worknax.com\/\",\"logo\":{\"@type\":\"ImageObject\",\"inLanguage\":\"fr-FR\",\"@id\":\"https:\/\/worknax.com\/#\/schema\/logo\/image\/\",\"url\":\"https:\/\/worknax.com\/wp-content\/uploads\/sites\/159\/2025\/03\/cropped-cropped-Logotipo-moderno-para-ensino-cerebro-azul-amarelo-e-laranja-1.png\",\"contentUrl\":\"https:\/\/worknax.com\/wp-content\/uploads\/sites\/159\/2025\/03\/cropped-cropped-Logotipo-moderno-para-ensino-cerebro-azul-amarelo-e-laranja-1.png\",\"width\":512,\"height\":512,\"caption\":\"worknax\"},\"image\":{\"@id\":\"https:\/\/worknax.com\/#\/schema\/logo\/image\/\"}}]}<\/script>\n<!-- \/ Yoast SEO plugin. -->","yoast_head_json":{"title":"Terms of Use - worknax","robots":{"index":"index","follow":"follow","max-snippet":"max-snippet:-1","max-image-preview":"max-image-preview:large","max-video-preview":"max-video-preview:-1"},"canonical":"https:\/\/worknax.com\/fr\/terms-of-use\/","og_locale":"fr_FR","og_type":"article","og_title":"Terms of Use - worknax","og_description":"Last updated: March 27, 2025 WorkNax operates as an independent digital learning platform offering educational content and online courses focused on skill development, career growth, and personal improvement. By accessing or using this website, you agree to abide by the terms, conditions, and policies outlined below. These Terms of Use define the rights and responsibilities [&hellip;]","og_url":"https:\/\/worknax.com\/fr\/terms-of-use\/","og_site_name":"worknax","article_modified_time":"2025-11-24T18:47:14+00:00","twitter_card":"summary_large_image","twitter_misc":{"Est. reading time":"4 minutes"},"schema":{"@context":"https:\/\/schema.org","@graph":[{"@type":"WebPage","@id":"http:\/\/worknax.com\/terms-of-use\/","url":"http:\/\/worknax.com\/terms-of-use\/","name":"Terms of Use - worknax","isPartOf":{"@id":"https:\/\/worknax.com\/#website"},"datePublished":"2025-03-27T16:12:41+00:00","dateModified":"2025-11-24T18:47:14+00:00","breadcrumb":{"@id":"http:\/\/worknax.com\/terms-of-use\/#breadcrumb"},"inLanguage":"fr-FR","potentialAction":[{"@type":"ReadAction","target":["http:\/\/worknax.com\/terms-of-use\/"]}]},{"@type":"BreadcrumbList","@id":"http:\/\/worknax.com\/terms-of-use\/#breadcrumb","itemListElement":[{"@type":"ListItem","position":1,"name":"Home","item":"https:\/\/worknax.com\/"},{"@type":"ListItem","position":2,"name":"Terms of Use"}]},{"@type":"WebSite","@id":"https:\/\/worknax.com\/#website","url":"https:\/\/worknax.com\/","name":"worknax","description":"","publisher":{"@id":"https:\/\/worknax.com\/#organization"},"potentialAction":[{"@type":"SearchAction","target":{"@type":"EntryPoint","urlTemplate":"https:\/\/worknax.com\/?s={search_term_string}"},"query-input":"required name=search_term_string"}],"inLanguage":"fr-FR"},{"@type":"Organization","@id":"https:\/\/worknax.com\/#organization","name":"worknax","url":"https:\/\/worknax.com\/","logo":{"@type":"ImageObject","inLanguage":"fr-FR","@id":"https:\/\/worknax.com\/#\/schema\/logo\/image\/","url":"https:\/\/worknax.com\/wp-content\/uploads\/sites\/159\/2025\/03\/cropped-cropped-Logotipo-moderno-para-ensino-cerebro-azul-amarelo-e-laranja-1.png","contentUrl":"https:\/\/worknax.com\/wp-content\/uploads\/sites\/159\/2025\/03\/cropped-cropped-Logotipo-moderno-para-ensino-cerebro-azul-amarelo-e-laranja-1.png","width":512,"height":512,"caption":"worknax"},"image":{"@id":"https:\/\/worknax.com\/#\/schema\/logo\/image\/"}}]}},"_links":{"self":[{"href":"https:\/\/worknax.com\/fr\/wp-json\/wp\/v2\/pages\/316"}],"collection":[{"href":"https:\/\/worknax.com\/fr\/wp-json\/wp\/v2\/pages"}],"about":[{"href":"https:\/\/worknax.com\/fr\/wp-json\/wp\/v2\/types\/page"}],"author":[{"embeddable":true,"href":"https:\/\/worknax.com\/fr\/wp-json\/wp\/v2\/users\/76"}],"replies":[{"embeddable":true,"href":"https:\/\/worknax.com\/fr\/wp-json\/wp\/v2\/comments?post=316"}],"version-history":[{"count":8,"href":"https:\/\/worknax.com\/fr\/wp-json\/wp\/v2\/pages\/316\/revisions"}],"predecessor-version":[{"id":886,"href":"https:\/\/worknax.com\/fr\/wp-json\/wp\/v2\/pages\/316\/revisions\/886"}],"wp:attachment":[{"href":"https:\/\/worknax.com\/fr\/wp-json\/wp\/v2\/media?parent=316"}],"curies":[{"name":"wp","href":"https:\/\/api.w.org\/{rel}","templated":true}]}}