    {"id":314,"date":"2025-03-27T16:10:32","date_gmt":"2025-03-27T16:10:32","guid":{"rendered":"https:\/\/worknax.com\/?page_id=314"},"modified":"2025-11-22T12:33:40","modified_gmt":"2025-11-22T12:33:40","slug":"about-us","status":"publish","type":"page","link":"https:\/\/worknax.com\/fr\/about-us\/","title":{"rendered":"\u00c0 propos de nous"},"content":{"rendered":"<p>Bienvenue sur <strong>WorkNax<\/strong> Votre espace pour apprendre avec clart\u00e9, progresser avec d\u00e9termination et avancer avec confiance. Que vous d\u00e9butiez, changiez de voie ou souhaitiez perfectionner vos comp\u00e9tences, nous sommes l\u00e0 pour vous aider \u00e0 apprendre plus efficacement et \u00e0 progresser plus rapidement.<\/p>\n\n\n\n<h2 class=\"wp-block-heading\">Ce qui nous motive<\/h2>\n\n\n\n<p>Chez WorkNax, nous sommes convaincus que l&#039;apprentissage doit \u00eatre efficace, pratique et fond\u00e9 sur des r\u00e9sultats concrets. Notre mission est de transformer des sujets complexes en le\u00e7ons claires et accessibles qui vous permettent d&#039;acqu\u00e9rir de solides comp\u00e9tences, de prendre de meilleures d\u00e9cisions et de vous adapter \u00e0 un monde num\u00e9rique en constante \u00e9volution.<\/p>\n\n\n\n<p>Nous nous concentrons sur la mise en \u0153uvre d&#039;exp\u00e9riences d&#039;apprentissage de haute qualit\u00e9, structur\u00e9es et intuitives qui vous permettent de progresser \u00e0 votre propre rythme tout en d\u00e9veloppant les comp\u00e9tences qui comptent vraiment pour votre \u00e9panouissement personnel et professionnel.<\/p>\n\n\n\n<h2 class=\"wp-block-heading\">Qui sommes-nous ?<\/h2>\n\n\n\n<p>Nous sommes une \u00e9quipe de cr\u00e9ateurs, de formateurs et d&#039;apprenants permanents, d\u00e9termin\u00e9s \u00e0 transformer le savoir en action. Tout ce que nous d\u00e9veloppons est con\u00e7u pour renforcer vos comp\u00e9tences, am\u00e9liorer vos performances et soutenir votre d\u00e9veloppement \u00e0 long terme.<\/p>\n\n\n\n<p>Ici, vous n&#039;acqu\u00e9rez pas seulement des informations, vous d\u00e9veloppez votre potentiel gr\u00e2ce \u00e0 un apprentissage qui vous permet de vous adapter, de r\u00e9soudre des probl\u00e8mes et d&#039;\u00e9voluer en permanence.<\/p>\n\n\n\n<h2 class=\"wp-block-heading\">Impliquez-vous<\/h2>\n\n\n\n<p>Vous avez une id\u00e9e, un sujet que vous souhaitez explorer ou une comp\u00e9tence que vous aspirez \u00e0 ma\u00eetriser\u00a0? Nous serions ravis d\u2019en discuter avec vous. Vos suggestions orientent nos actions et nous aident \u00e0 cr\u00e9er des exp\u00e9riences d\u2019apprentissage enrichissantes qui vous accompagneront dans votre parcours.<\/p>\n\n\n\n<p>Continuons \u00e0 b\u00e2tir votre avenir ensemble \u2014 une id\u00e9e, une comp\u00e9tence, une avanc\u00e9e \u00e0 la fois.<\/p>","protected":false},"excerpt":{"rendered":"<p>Bienvenue chez WorkNax \u2013 votre espace pour apprendre avec clart\u00e9, progresser avec d\u00e9termination et avancer avec confiance. Que vous d\u00e9butiez, changiez de voie ou souhaitiez perfectionner vos comp\u00e9tences, nous sommes l\u00e0 pour vous aider \u00e0 apprendre plus intelligemment et \u00e0 progresser plus rapidement. Ce qui nous motive\u00a0: chez WorkNax, nous pensons que l\u2019apprentissage doit \u00eatre efficace, pratique et ancr\u00e9 dans la r\u00e9alit\u00e9.<\/p>","protected":false},"author":76,"featured_media":0,"parent":0,"menu_order":0,"comment_status":"closed","ping_status":"closed","template":"","meta":{"footnotes":""},"yoast_head":"<!-- This site is optimized with the Yoast SEO plugin v23.3 - https:\/\/yoast.com\/wordpress\/plugins\/seo\/ -->\n<title>About Us - worknax<\/title>\n<meta name=\"robots\" content=\"index, follow, max-snippet:-1, max-image-preview:large, max-video-preview:-1\" \/>\n<link rel=\"canonical\" href=\"https:\/\/worknax.com\/fr\/about-us\/\" \/>\n<meta property=\"og:locale\" content=\"fr_FR\" \/>\n<meta property=\"og:type\" content=\"article\" \/>\n<meta property=\"og:title\" content=\"About Us - worknax\" \/>\n<meta property=\"og:description\" content=\"Welcome to WorkNax \u2013 your space to learn with clarity, grow with purpose, and move forward with confidence. Whether you&#8217;re just beginning, switching paths, or leveling up your abilities, we\u2019re here to help you learn smarter and advance faster. What drives us At WorkNax, we believe learning should be efficient, practical, and grounded in real-world [&hellip;]\" \/>\n<meta property=\"og:url\" content=\"https:\/\/worknax.com\/fr\/about-us\/\" \/>\n<meta property=\"og:site_name\" content=\"worknax\" \/>\n<meta property=\"article:modified_time\" content=\"2025-11-22T12:33:40+00:00\" \/>\n<meta name=\"twitter:card\" content=\"summary_large_image\" \/>\n<meta name=\"twitter:label1\" content=\"Est. reading time\" \/>\n\t<meta name=\"twitter:data1\" content=\"1 minute\" \/>\n<script type=\"application\/ld+json\" class=\"yoast-schema-graph\">{\"@context\":\"https:\/\/schema.org\",\"@graph\":[{\"@type\":\"WebPage\",\"@id\":\"http:\/\/worknax.com\/about-us\/\",\"url\":\"http:\/\/worknax.com\/about-us\/\",\"name\":\"About Us - worknax\",\"isPartOf\":{\"@id\":\"https:\/\/worknax.com\/#website\"},\"datePublished\":\"2025-03-27T16:10:32+00:00\",\"dateModified\":\"2025-11-22T12:33:40+00:00\",\"breadcrumb\":{\"@id\":\"http:\/\/worknax.com\/about-us\/#breadcrumb\"},\"inLanguage\":\"fr-FR\",\"potentialAction\":[{\"@type\":\"ReadAction\",\"target\":[\"http:\/\/worknax.com\/about-us\/\"]}]},{\"@type\":\"BreadcrumbList\",\"@id\":\"http:\/\/worknax.com\/about-us\/#breadcrumb\",\"itemListElement\":[{\"@type\":\"ListItem\",\"position\":1,\"name\":\"Home\",\"item\":\"https:\/\/worknax.com\/\"},{\"@type\":\"ListItem\",\"position\":2,\"name\":\"About Us\"}]},{\"@type\":\"WebSite\",\"@id\":\"https:\/\/worknax.com\/#website\",\"url\":\"https:\/\/worknax.com\/\",\"name\":\"worknax\",\"description\":\"\",\"publisher\":{\"@id\":\"https:\/\/worknax.com\/#organization\"},\"potentialAction\":[{\"@type\":\"SearchAction\",\"target\":{\"@type\":\"EntryPoint\",\"urlTemplate\":\"https:\/\/worknax.com\/?s={search_term_string}\"},\"query-input\":\"required name=search_term_string\"}],\"inLanguage\":\"fr-FR\"},{\"@type\":\"Organization\",\"@id\":\"https:\/\/worknax.com\/#organization\",\"name\":\"worknax\",\"url\":\"https:\/\/worknax.com\/\",\"logo\":{\"@type\":\"ImageObject\",\"inLanguage\":\"fr-FR\",\"@id\":\"https:\/\/worknax.com\/#\/schema\/logo\/image\/\",\"url\":\"https:\/\/worknax.com\/wp-content\/uploads\/sites\/159\/2025\/03\/cropped-cropped-Logotipo-moderno-para-ensino-cerebro-azul-amarelo-e-laranja-1.png\",\"contentUrl\":\"https:\/\/worknax.com\/wp-content\/uploads\/sites\/159\/2025\/03\/cropped-cropped-Logotipo-moderno-para-ensino-cerebro-azul-amarelo-e-laranja-1.png\",\"width\":512,\"height\":512,\"caption\":\"worknax\"},\"image\":{\"@id\":\"https:\/\/worknax.com\/#\/schema\/logo\/image\/\"}}]}<\/script>\n<!-- \/ Yoast SEO plugin. -->","yoast_head_json":{"title":"About Us - worknax","robots":{"index":"index","follow":"follow","max-snippet":"max-snippet:-1","max-image-preview":"max-image-preview:large","max-video-preview":"max-video-preview:-1"},"canonical":"https:\/\/worknax.com\/fr\/about-us\/","og_locale":"fr_FR","og_type":"article","og_title":"About Us - worknax","og_description":"Welcome to WorkNax \u2013 your space to learn with clarity, grow with purpose, and move forward with confidence. Whether you&#8217;re just beginning, switching paths, or leveling up your abilities, we\u2019re here to help you learn smarter and advance faster. What drives us At WorkNax, we believe learning should be efficient, practical, and grounded in real-world [&hellip;]","og_url":"https:\/\/worknax.com\/fr\/about-us\/","og_site_name":"worknax","article_modified_time":"2025-11-22T12:33:40+00:00","twitter_card":"summary_large_image","twitter_misc":{"Est. reading time":"1 minute"},"schema":{"@context":"https:\/\/schema.org","@graph":[{"@type":"WebPage","@id":"http:\/\/worknax.com\/about-us\/","url":"http:\/\/worknax.com\/about-us\/","name":"About Us - worknax","isPartOf":{"@id":"https:\/\/worknax.com\/#website"},"datePublished":"2025-03-27T16:10:32+00:00","dateModified":"2025-11-22T12:33:40+00:00","breadcrumb":{"@id":"http:\/\/worknax.com\/about-us\/#breadcrumb"},"inLanguage":"fr-FR","potentialAction":[{"@type":"ReadAction","target":["http:\/\/worknax.com\/about-us\/"]}]},{"@type":"BreadcrumbList","@id":"http:\/\/worknax.com\/about-us\/#breadcrumb","itemListElement":[{"@type":"ListItem","position":1,"name":"Home","item":"https:\/\/worknax.com\/"},{"@type":"ListItem","position":2,"name":"About Us"}]},{"@type":"WebSite","@id":"https:\/\/worknax.com\/#website","url":"https:\/\/worknax.com\/","name":"worknax","description":"","publisher":{"@id":"https:\/\/worknax.com\/#organization"},"potentialAction":[{"@type":"SearchAction","target":{"@type":"EntryPoint","urlTemplate":"https:\/\/worknax.com\/?s={search_term_string}"},"query-input":"required name=search_term_string"}],"inLanguage":"fr-FR"},{"@type":"Organization","@id":"https:\/\/worknax.com\/#organization","name":"worknax","url":"https:\/\/worknax.com\/","logo":{"@type":"ImageObject","inLanguage":"fr-FR","@id":"https:\/\/worknax.com\/#\/schema\/logo\/image\/","url":"https:\/\/worknax.com\/wp-content\/uploads\/sites\/159\/2025\/03\/cropped-cropped-Logotipo-moderno-para-ensino-cerebro-azul-amarelo-e-laranja-1.png","contentUrl":"https:\/\/worknax.com\/wp-content\/uploads\/sites\/159\/2025\/03\/cropped-cropped-Logotipo-moderno-para-ensino-cerebro-azul-amarelo-e-laranja-1.png","width":512,"height":512,"caption":"worknax"},"image":{"@id":"https:\/\/worknax.com\/#\/schema\/logo\/image\/"}}]}},"_links":{"self":[{"href":"https:\/\/worknax.com\/fr\/wp-json\/wp\/v2\/pages\/314"}],"collection":[{"href":"https:\/\/worknax.com\/fr\/wp-json\/wp\/v2\/pages"}],"about":[{"href":"https:\/\/worknax.com\/fr\/wp-json\/wp\/v2\/types\/page"}],"author":[{"embeddable":true,"href":"https:\/\/worknax.com\/fr\/wp-json\/wp\/v2\/users\/76"}],"replies":[{"embeddable":true,"href":"https:\/\/worknax.com\/fr\/wp-json\/wp\/v2\/comments?post=314"}],"version-history":[{"count":2,"href":"https:\/\/worknax.com\/fr\/wp-json\/wp\/v2\/pages\/314\/revisions"}],"predecessor-version":[{"id":878,"href":"https:\/\/worknax.com\/fr\/wp-json\/wp\/v2\/pages\/314\/revisions\/878"}],"wp:attachment":[{"href":"https:\/\/worknax.com\/fr\/wp-json\/wp\/v2\/media?parent=314"}],"curies":[{"name":"wp","href":"https:\/\/api.w.org\/{rel}","templated":true}]}}