    {"id":312,"date":"2025-03-27T16:09:45","date_gmt":"2025-03-27T16:09:45","guid":{"rendered":"https:\/\/worknax.com\/?page_id=312"},"modified":"2025-11-24T18:09:17","modified_gmt":"2025-11-24T18:09:17","slug":"contact","status":"publish","type":"page","link":"https:\/\/worknax.com\/fr\/contact\/","title":{"rendered":"Contact"},"content":{"rendered":"<p>Merci de votre visite <strong>WorkNax<\/strong>Votre plateforme de confiance pour l&#039;apprentissage, le d\u00e9veloppement professionnel et l&#039;\u00e9panouissement tout au long de votre vie. Nous accordons une grande importance \u00e0 vos messages et sommes l\u00e0 pour vous accompagner, \u00e9changer et collaborer avec vous.<\/p>\n\n\n\n<h3 class=\"wp-block-heading\">Renseignements g\u00e9n\u00e9raux<\/h3>\n\n\n\n<p>Vous avez une question concernant WorkNax ou vous souhaitez simplement nous contacter\u00a0? \u00c9crivez-nous \u00e0 l\u2019adresse suivante\u00a0: <strong>contact@worknax.com<\/strong><br>Nous aimons recevoir des nouvelles de notre communaut\u00e9 et nous vous r\u00e9pondrons d\u00e8s que possible.<\/p>\n\n\n\n<h3 class=\"wp-block-heading\">Suggestions et contributions pour le cours<\/h3>\n\n\n\n<p>Vous avez une id\u00e9e de nouveau cours\u00a0? Vous souhaitez partager votre expertise ou sugg\u00e9rer un sujet \u00e0 aborder\u00a0? Contactez-nous\u00a0! <strong>contact@worknax.com<\/strong><br>Nous sommes toujours \u00e0 la recherche de perspectives et de voix nouvelles dans le monde de l&#039;\u00e9ducation et du perfectionnement professionnel.<\/p>\n\n\n\n<h3 class=\"wp-block-heading\">Assistance technique<\/h3>\n\n\n\n<p>Si vous rencontrez des probl\u00e8mes avec notre plateforme ou si vous avez besoin d&#039;aide pour acc\u00e9der au contenu des cours, n&#039;h\u00e9sitez pas \u00e0 nous contacter \u00e0 l&#039;adresse suivante\u00a0: <strong>contact@worknax.com<\/strong><br>Nous sommes l\u00e0 pour faire en sorte que votre parcours d&#039;apprentissage se d\u00e9roule le plus facilement possible.<\/p>\n\n\n\n<h3 class=\"wp-block-heading\">Restez connect\u00e9s<\/h3>\n\n\n\n<p>WorkNax est une plateforme 100 % num\u00e9rique con\u00e7ue pour les apprenants du monde entier. Bien que nous n&#039;ayons pas de bureaux physiques, nous sommes toujours disponibles en ligne, pr\u00eats \u00e0 vous \u00e9couter, \u00e0 vous accompagner et \u00e0 \u00e9voluer avec vous.<\/p>\n\n\n\n<p>Merci encore de faire partie de la communaut\u00e9 WorkNax. Nous esp\u00e9rons avoir de vos nouvelles prochainement\u00a0!<\/p>\n\n\n\n<p>Cordialement,<br><strong>L&#039;\u00e9quipe WorkNax<\/strong><\/p>","protected":false},"excerpt":{"rendered":"<p>Thank you for visiting WorkNax, your trusted platform for learning, professional development, and lifelong growth. We truly value your messages and are here to support, connect, and collaborate with you. General Inquiries Have a question about WorkNax or just want to reach out? Email us at contact@worknax.comWe love hearing from our community and will get [&hellip;]<\/p>","protected":false},"author":76,"featured_media":0,"parent":0,"menu_order":0,"comment_status":"closed","ping_status":"closed","template":"","meta":{"footnotes":""},"yoast_head":"<!-- This site is optimized with the Yoast SEO plugin v23.3 - https:\/\/yoast.com\/wordpress\/plugins\/seo\/ -->\n<title>Contact - worknax<\/title>\n<meta name=\"robots\" content=\"index, follow, max-snippet:-1, max-image-preview:large, max-video-preview:-1\" \/>\n<link rel=\"canonical\" href=\"https:\/\/worknax.com\/fr\/contact\/\" \/>\n<meta property=\"og:locale\" content=\"fr_FR\" \/>\n<meta property=\"og:type\" content=\"article\" \/>\n<meta property=\"og:title\" content=\"Contact - worknax\" \/>\n<meta property=\"og:description\" content=\"Thank you for visiting WorkNax, your trusted platform for learning, professional development, and lifelong growth. We truly value your messages and are here to support, connect, and collaborate with you. General Inquiries Have a question about WorkNax or just want to reach out? Email us at contact@worknax.comWe love hearing from our community and will get [&hellip;]\" \/>\n<meta property=\"og:url\" content=\"https:\/\/worknax.com\/fr\/contact\/\" \/>\n<meta property=\"og:site_name\" content=\"worknax\" \/>\n<meta property=\"article:modified_time\" content=\"2025-11-24T18:09:17+00:00\" \/>\n<meta name=\"twitter:card\" content=\"summary_large_image\" \/>\n<meta name=\"twitter:label1\" content=\"Est. reading time\" \/>\n\t<meta name=\"twitter:data1\" content=\"1 minute\" \/>\n<script type=\"application\/ld+json\" class=\"yoast-schema-graph\">{\"@context\":\"https:\/\/schema.org\",\"@graph\":[{\"@type\":\"WebPage\",\"@id\":\"http:\/\/worknax.com\/contact\/\",\"url\":\"http:\/\/worknax.com\/contact\/\",\"name\":\"Contact - worknax\",\"isPartOf\":{\"@id\":\"https:\/\/worknax.com\/#website\"},\"datePublished\":\"2025-03-27T16:09:45+00:00\",\"dateModified\":\"2025-11-24T18:09:17+00:00\",\"breadcrumb\":{\"@id\":\"http:\/\/worknax.com\/contact\/#breadcrumb\"},\"inLanguage\":\"fr-FR\",\"potentialAction\":[{\"@type\":\"ReadAction\",\"target\":[\"http:\/\/worknax.com\/contact\/\"]}]},{\"@type\":\"BreadcrumbList\",\"@id\":\"http:\/\/worknax.com\/contact\/#breadcrumb\",\"itemListElement\":[{\"@type\":\"ListItem\",\"position\":1,\"name\":\"Home\",\"item\":\"https:\/\/worknax.com\/\"},{\"@type\":\"ListItem\",\"position\":2,\"name\":\"Contact\"}]},{\"@type\":\"WebSite\",\"@id\":\"https:\/\/worknax.com\/#website\",\"url\":\"https:\/\/worknax.com\/\",\"name\":\"worknax\",\"description\":\"\",\"publisher\":{\"@id\":\"https:\/\/worknax.com\/#organization\"},\"potentialAction\":[{\"@type\":\"SearchAction\",\"target\":{\"@type\":\"EntryPoint\",\"urlTemplate\":\"https:\/\/worknax.com\/?s={search_term_string}\"},\"query-input\":\"required name=search_term_string\"}],\"inLanguage\":\"fr-FR\"},{\"@type\":\"Organization\",\"@id\":\"https:\/\/worknax.com\/#organization\",\"name\":\"worknax\",\"url\":\"https:\/\/worknax.com\/\",\"logo\":{\"@type\":\"ImageObject\",\"inLanguage\":\"fr-FR\",\"@id\":\"https:\/\/worknax.com\/#\/schema\/logo\/image\/\",\"url\":\"https:\/\/worknax.com\/wp-content\/uploads\/sites\/159\/2025\/03\/cropped-cropped-Logotipo-moderno-para-ensino-cerebro-azul-amarelo-e-laranja-1.png\",\"contentUrl\":\"https:\/\/worknax.com\/wp-content\/uploads\/sites\/159\/2025\/03\/cropped-cropped-Logotipo-moderno-para-ensino-cerebro-azul-amarelo-e-laranja-1.png\",\"width\":512,\"height\":512,\"caption\":\"worknax\"},\"image\":{\"@id\":\"https:\/\/worknax.com\/#\/schema\/logo\/image\/\"}}]}<\/script>\n<!-- \/ Yoast SEO plugin. -->","yoast_head_json":{"title":"Contact - worknax","robots":{"index":"index","follow":"follow","max-snippet":"max-snippet:-1","max-image-preview":"max-image-preview:large","max-video-preview":"max-video-preview:-1"},"canonical":"https:\/\/worknax.com\/fr\/contact\/","og_locale":"fr_FR","og_type":"article","og_title":"Contact - worknax","og_description":"Thank you for visiting WorkNax, your trusted platform for learning, professional development, and lifelong growth. We truly value your messages and are here to support, connect, and collaborate with you. General Inquiries Have a question about WorkNax or just want to reach out? Email us at contact@worknax.comWe love hearing from our community and will get [&hellip;]","og_url":"https:\/\/worknax.com\/fr\/contact\/","og_site_name":"worknax","article_modified_time":"2025-11-24T18:09:17+00:00","twitter_card":"summary_large_image","twitter_misc":{"Est. reading time":"1 minute"},"schema":{"@context":"https:\/\/schema.org","@graph":[{"@type":"WebPage","@id":"http:\/\/worknax.com\/contact\/","url":"http:\/\/worknax.com\/contact\/","name":"Contact - worknax","isPartOf":{"@id":"https:\/\/worknax.com\/#website"},"datePublished":"2025-03-27T16:09:45+00:00","dateModified":"2025-11-24T18:09:17+00:00","breadcrumb":{"@id":"http:\/\/worknax.com\/contact\/#breadcrumb"},"inLanguage":"fr-FR","potentialAction":[{"@type":"ReadAction","target":["http:\/\/worknax.com\/contact\/"]}]},{"@type":"BreadcrumbList","@id":"http:\/\/worknax.com\/contact\/#breadcrumb","itemListElement":[{"@type":"ListItem","position":1,"name":"Home","item":"https:\/\/worknax.com\/"},{"@type":"ListItem","position":2,"name":"Contact"}]},{"@type":"WebSite","@id":"https:\/\/worknax.com\/#website","url":"https:\/\/worknax.com\/","name":"worknax","description":"","publisher":{"@id":"https:\/\/worknax.com\/#organization"},"potentialAction":[{"@type":"SearchAction","target":{"@type":"EntryPoint","urlTemplate":"https:\/\/worknax.com\/?s={search_term_string}"},"query-input":"required name=search_term_string"}],"inLanguage":"fr-FR"},{"@type":"Organization","@id":"https:\/\/worknax.com\/#organization","name":"worknax","url":"https:\/\/worknax.com\/","logo":{"@type":"ImageObject","inLanguage":"fr-FR","@id":"https:\/\/worknax.com\/#\/schema\/logo\/image\/","url":"https:\/\/worknax.com\/wp-content\/uploads\/sites\/159\/2025\/03\/cropped-cropped-Logotipo-moderno-para-ensino-cerebro-azul-amarelo-e-laranja-1.png","contentUrl":"https:\/\/worknax.com\/wp-content\/uploads\/sites\/159\/2025\/03\/cropped-cropped-Logotipo-moderno-para-ensino-cerebro-azul-amarelo-e-laranja-1.png","width":512,"height":512,"caption":"worknax"},"image":{"@id":"https:\/\/worknax.com\/#\/schema\/logo\/image\/"}}]}},"_links":{"self":[{"href":"https:\/\/worknax.com\/fr\/wp-json\/wp\/v2\/pages\/312"}],"collection":[{"href":"https:\/\/worknax.com\/fr\/wp-json\/wp\/v2\/pages"}],"about":[{"href":"https:\/\/worknax.com\/fr\/wp-json\/wp\/v2\/types\/page"}],"author":[{"embeddable":true,"href":"https:\/\/worknax.com\/fr\/wp-json\/wp\/v2\/users\/76"}],"replies":[{"embeddable":true,"href":"https:\/\/worknax.com\/fr\/wp-json\/wp\/v2\/comments?post=312"}],"version-history":[{"count":4,"href":"https:\/\/worknax.com\/fr\/wp-json\/wp\/v2\/pages\/312\/revisions"}],"predecessor-version":[{"id":882,"href":"https:\/\/worknax.com\/fr\/wp-json\/wp\/v2\/pages\/312\/revisions\/882"}],"wp:attachment":[{"href":"https:\/\/worknax.com\/fr\/wp-json\/wp\/v2\/media?parent=312"}],"curies":[{"name":"wp","href":"https:\/\/api.w.org\/{rel}","templated":true}]}}