    {"id":316,"date":"2025-03-27T16:12:41","date_gmt":"2025-03-27T16:12:41","guid":{"rendered":"https:\/\/worknax.com\/?page_id=316"},"modified":"2025-11-24T18:47:14","modified_gmt":"2025-11-24T18:47:14","slug":"terms-of-use","status":"publish","type":"page","link":"https:\/\/worknax.com\/es\/terms-of-use\/","title":{"rendered":"Condiciones de uso"},"content":{"rendered":"<p><strong>\u00daltima actualizaci\u00f3n: 27 de marzo de 2025<\/strong><\/p>\n\n\n\n<p>WorkNax opera como una plataforma de aprendizaje digital independiente que ofrece contenido educativo y cursos en l\u00ednea enfocados en el desarrollo de habilidades, el crecimiento profesional y la superaci\u00f3n personal. Al acceder o utilizar este sitio web, usted acepta los t\u00e9rminos, condiciones y pol\u00edticas que se describen a continuaci\u00f3n.<\/p>\n\n\n\n<p>Estas Condiciones de Uso definen los derechos y responsabilidades de los usuarios que interact\u00faan con la plataforma WorkNax. El uso del sitio web tambi\u00e9n est\u00e1 sujeto a nuestra Pol\u00edtica de Privacidad.<\/p>\n\n\n\n<p><strong>LEA ESTOS T\u00c9RMINOS DETENIDAMENTE. SI NO EST\u00c1 DE ACUERDO CON ELLOS, NO UTILICE WORKNAX NI NINGUNO DE SUS SERVICIOS.<\/strong><\/p>\n\n\n\n<h3 class=\"wp-block-heading\">Art\u00edculo I \u2013 Acuerdo de usuario<\/h3>\n\n\n\n<p>1.1 Al utilizar WorkNax, usted confirma su plena aceptaci\u00f3n de estos T\u00e9rminos de uso y nuestra Pol\u00edtica de privacidad.<br>1.2 Debe tener al menos 18 a\u00f1os o tener capacidad legal en su jurisdicci\u00f3n para utilizar esta plataforma.<br>1.3 Si no cumple con estas condiciones o no est\u00e1 de acuerdo con alguna parte de estos t\u00e9rminos, no podr\u00e1 acceder ni utilizar nuestros servicios.<\/p>\n\n\n\n<h3 class=\"wp-block-heading\">Art\u00edculo II \u2013 Comunicaci\u00f3n<\/h3>\n\n\n\n<p>2.1 WorkNax proporciona canales de comunicaci\u00f3n para que los usuarios hagan preguntas, env\u00eden sugerencias o informen problemas t\u00e9cnicos.<br>2.2 Puede ponerse en contacto con nosotros a trav\u00e9s de nuestra P\u00e1gina de Contacto o a trav\u00e9s de las direcciones de correo electr\u00f3nico designadas que se encuentran all\u00ed.<\/p>\n\n\n\n<h3 class=\"wp-block-heading\">Art\u00edculo III \u2013 Responsabilidades de las Partes<\/h3>\n\n\n\n<p>3.1 Los usuarios deben aceptar y cumplir estos T\u00e9rminos de uso y la Pol\u00edtica de privacidad al interactuar con el contenido o los servicios de WorkNax.<br>3.2 WorkNax puede incluir enlaces a sitios web de terceros para obtener informaci\u00f3n adicional o referencias. Estos se proporcionan \u00fanicamente para su comodidad.<br>3.3 Una vez redirigido, estar\u00e1 sujeto a las pol\u00edticas del sitio web de terceros. WorkNax no se responsabiliza de la exactitud, las pr\u00e1cticas ni la fiabilidad de los sitios web externos.<br>3.4 Los usuarios son los \u00fanicos responsables de la seguridad de su conexi\u00f3n a Internet, dispositivo y acceso a su cuenta mientras utilizan WorkNax.<br>3.5 WorkNax no es responsable de da\u00f1os causados por fallas t\u00e9cnicas, acceso no autorizado o mal uso de la plataforma fuera de nuestro control.<br>3.6 Nunca solicitaremos transferencias bancarias, datos confidenciales o informaci\u00f3n personal sensible a trav\u00e9s de canales no oficiales.<br>3.7 Cualquier mensaje o actividad sospechosa en nombre de WorkNax debe informarse inmediatamente a trav\u00e9s de nuestra p\u00e1gina de contacto.<\/p>\n\n\n\n<h3 class=\"wp-block-heading\">Art\u00edculo IV \u2013 Conducta prohibida<\/h3>\n\n\n\n<p>Los usuarios tienen estrictamente prohibido:<\/p>\n\n\n\n<ul>\n<li>Participar en conductas ilegales, fraudulentas o maliciosas;<\/li>\n\n\n\n<li>Violar derechos de propiedad intelectual o leyes de privacidad;<\/li>\n\n\n\n<li>Cargar o distribuir virus o c\u00f3digos da\u00f1inos;<\/li>\n\n\n\n<li>Suplantar la identidad de personas o entidades;<\/li>\n\n\n\n<li>Recopilaci\u00f3n de datos sin consentimiento;<\/li>\n\n\n\n<li>Compartir contenido enga\u00f1oso o no autorizado;<\/li>\n\n\n\n<li>Acosar, difamar o amenazar a otros;<\/li>\n\n\n\n<li>Intentar piratear o interrumpir las operaciones de la plataforma.<\/li>\n<\/ul>\n\n\n\n<p>Las infracciones pueden resultar en la suspensi\u00f3n o terminaci\u00f3n permanente del acceso a WorkNax, sin previo aviso.<\/p>\n\n\n\n<h3 class=\"wp-block-heading\">Art\u00edculo V \u2013 Limitaci\u00f3n de responsabilidad y garant\u00edas<\/h3>\n\n\n\n<p>WorkNax proporciona sus servicios y contenidos \u201ctal cual\u201d y \u201cseg\u00fan disponibilidad\u201d, sin garant\u00edas expresas o impl\u00edcitas.<br>No garantizamos acceso ininterrumpido, materiales libres de errores o que el contenido siempre estar\u00e1 actualizado o ser\u00e1 adecuado para todos los prop\u00f3sitos.<br>En la m\u00e1xima medida permitida por la ley, WorkNax se exime de responsabilidad por cualquier da\u00f1o directo, indirecto, incidental o consecuente relacionado con el uso del sitio o su contenido.<\/p>\n\n\n\n<h3 class=\"wp-block-heading\">Art\u00edculo VI \u2013 Plazo y plazo legal<\/h3>\n\n\n\n<p>Estos T\u00e9rminos de Uso tienen una vigencia indefinida. Cualquier reclamaci\u00f3n o disputa legal relacionada con la plataforma deber\u00e1 iniciarse dentro de los 90 (noventa) d\u00edas siguientes al evento que la origin\u00f3.<\/p>\n\n\n\n<h3 class=\"wp-block-heading\">Art\u00edculo VII \u2013 Ley aplicable y jurisdicci\u00f3n<\/h3>\n\n\n\n<p>Estos T\u00e9rminos de uso se regir\u00e1n e interpretar\u00e1n de conformidad con las <strong>leyes de la Rep\u00fablica de Estonia<\/strong>Cualquier disputa, controversia o reclamaci\u00f3n que surja de o est\u00e9 relacionada con estos T\u00e9rminos o el uso de este sitio web se resolver\u00e1 de conformidad con la legislaci\u00f3n de Estonia, bajo el <strong>Jurisdicci\u00f3n exclusiva de los tribunales ubicados en Tallin, Estonia<\/strong>.<br>Esta cl\u00e1usula garantiza la transparencia jur\u00eddica y la alineaci\u00f3n con las mejores pr\u00e1cticas de cumplimiento internacional, tal como lo establece la legislaci\u00f3n de Estonia. <em>Ley de Derecho de Obligaciones<\/em> y <em>Ley de Derecho Internacional Privado<\/em>.<\/p>\n\n\n\n<h3 class=\"wp-block-heading\">Art\u00edculo VIII \u2013 Propiedad intelectual<\/h3>\n\n\n\n<p>8.1 Todo el contenido de WorkNax, incluidos cursos, videos, textos, gr\u00e1ficos y marcas, est\u00e1 protegido por las leyes de propiedad intelectual.<br>8.2 No puede copiar, reproducir, republicar ni distribuir ninguna parte del contenido sin el permiso por escrito de WorkNax.<br>8.3 El contenido enviado por el usuario es responsabilidad del colaborador. WorkNax se reserva el derecho de eliminar cualquier contenido que infrinja las normas legales o \u00e9ticas.<\/p>\n\n\n\n<h3 class=\"wp-block-heading\">Art\u00edculo IX \u2013 Modificaciones a los T\u00e9rminos<\/h3>\n\n\n\n<p>WorkNax se reserva el derecho de actualizar, modificar o discontinuar cualquier parte de estos T\u00e9rminos o servicios en cualquier momento, sin previo aviso.<br>Es su responsabilidad revisar esta p\u00e1gina peri\u00f3dicamente. El uso continuado de la plataforma implica la aceptaci\u00f3n de los t\u00e9rminos revisados.<\/p>\n\n\n\n<h3 class=\"wp-block-heading\">Art\u00edculo X \u2013 Contacto<\/h3>\n\n\n\n<p>Si tiene preguntas o inquietudes relacionadas con estos T\u00e9rminos de uso, puede comunicarse con nosotros a:<br><strong>https:\/\/worknax.com\/contact<\/strong><br><strong>Correo electr\u00f3nico:<\/strong> contacto@worknax.com<\/p>\n\n\n\n<p><strong>SI NO EST\u00c1 DE ACUERDO CON ESTOS T\u00c9RMINOS, ABST\u00c9NGASE DE UTILIZAR WORKNAX Y SUS SERVICIOS.<\/strong><\/p>","protected":false},"excerpt":{"rendered":"<p>\u00daltima actualizaci\u00f3n: 27 de marzo de 2025. WorkNax opera como una plataforma de aprendizaje digital independiente que ofrece contenido educativo y cursos en l\u00ednea enfocados en el desarrollo de habilidades, el crecimiento profesional y la superaci\u00f3n personal. Al acceder o utilizar este sitio web, usted acepta los t\u00e9rminos, condiciones y pol\u00edticas que se describen a continuaci\u00f3n. Estos T\u00e9rminos de Uso definen los derechos y responsabilidades [\u2026]<\/p>","protected":false},"author":76,"featured_media":0,"parent":0,"menu_order":0,"comment_status":"closed","ping_status":"closed","template":"","meta":{"footnotes":""},"yoast_head":"<!-- This site is optimized with the Yoast SEO plugin v23.3 - https:\/\/yoast.com\/wordpress\/plugins\/seo\/ -->\n<title>Terms of Use - worknax<\/title>\n<meta name=\"robots\" content=\"index, follow, max-snippet:-1, max-image-preview:large, max-video-preview:-1\" \/>\n<link rel=\"canonical\" href=\"https:\/\/worknax.com\/es\/terms-of-use\/\" \/>\n<meta property=\"og:locale\" content=\"es_MX\" \/>\n<meta property=\"og:type\" content=\"article\" \/>\n<meta property=\"og:title\" content=\"Terms of Use - worknax\" \/>\n<meta property=\"og:description\" content=\"Last updated: March 27, 2025 WorkNax operates as an independent digital learning platform offering educational content and online courses focused on skill development, career growth, and personal improvement. By accessing or using this website, you agree to abide by the terms, conditions, and policies outlined below. These Terms of Use define the rights and responsibilities [&hellip;]\" \/>\n<meta property=\"og:url\" content=\"https:\/\/worknax.com\/es\/terms-of-use\/\" \/>\n<meta property=\"og:site_name\" content=\"worknax\" \/>\n<meta property=\"article:modified_time\" content=\"2025-11-24T18:47:14+00:00\" \/>\n<meta name=\"twitter:card\" content=\"summary_large_image\" \/>\n<meta name=\"twitter:label1\" content=\"Est. reading time\" \/>\n\t<meta name=\"twitter:data1\" content=\"4 minutos\" \/>\n<script type=\"application\/ld+json\" class=\"yoast-schema-graph\">{\"@context\":\"https:\/\/schema.org\",\"@graph\":[{\"@type\":\"WebPage\",\"@id\":\"https:\/\/worknax.com\/es\/terms-of-use\/\",\"url\":\"https:\/\/worknax.com\/es\/terms-of-use\/\",\"name\":\"Terms of Use - worknax\",\"isPartOf\":{\"@id\":\"https:\/\/worknax.com\/es\/#website\"},\"datePublished\":\"2025-03-27T16:12:41+00:00\",\"dateModified\":\"2025-11-24T18:47:14+00:00\",\"breadcrumb\":{\"@id\":\"https:\/\/worknax.com\/es\/terms-of-use\/#breadcrumb\"},\"inLanguage\":\"es-MX\",\"potentialAction\":[{\"@type\":\"ReadAction\",\"target\":[\"https:\/\/worknax.com\/es\/terms-of-use\/\"]}]},{\"@type\":\"BreadcrumbList\",\"@id\":\"https:\/\/worknax.com\/es\/terms-of-use\/#breadcrumb\",\"itemListElement\":[{\"@type\":\"ListItem\",\"position\":1,\"name\":\"Home\",\"item\":\"https:\/\/worknax.com\/es\/\"},{\"@type\":\"ListItem\",\"position\":2,\"name\":\"Terms of Use\"}]},{\"@type\":\"WebSite\",\"@id\":\"https:\/\/worknax.com\/es\/#website\",\"url\":\"https:\/\/worknax.com\/es\/\",\"name\":\"worknax\",\"description\":\"\",\"publisher\":{\"@id\":\"https:\/\/worknax.com\/es\/#organization\"},\"potentialAction\":[{\"@type\":\"SearchAction\",\"target\":{\"@type\":\"EntryPoint\",\"urlTemplate\":\"https:\/\/worknax.com\/es\/?s={search_term_string}\"},\"query-input\":\"required name=search_term_string\"}],\"inLanguage\":\"es-MX\"},{\"@type\":\"Organization\",\"@id\":\"https:\/\/worknax.com\/es\/#organization\",\"name\":\"worknax\",\"url\":\"https:\/\/worknax.com\/es\/\",\"logo\":{\"@type\":\"ImageObject\",\"inLanguage\":\"es-MX\",\"@id\":\"https:\/\/worknax.com\/es\/#\/schema\/logo\/image\/\",\"url\":\"https:\/\/worknax.com\/wp-content\/uploads\/sites\/159\/2025\/03\/cropped-cropped-Logotipo-moderno-para-ensino-cerebro-azul-amarelo-e-laranja-1.png\",\"contentUrl\":\"https:\/\/worknax.com\/wp-content\/uploads\/sites\/159\/2025\/03\/cropped-cropped-Logotipo-moderno-para-ensino-cerebro-azul-amarelo-e-laranja-1.png\",\"width\":512,\"height\":512,\"caption\":\"worknax\"},\"image\":{\"@id\":\"https:\/\/worknax.com\/es\/#\/schema\/logo\/image\/\"}}]}<\/script>\n<!-- \/ Yoast SEO plugin. -->","yoast_head_json":{"title":"Terms of Use - worknax","robots":{"index":"index","follow":"follow","max-snippet":"max-snippet:-1","max-image-preview":"max-image-preview:large","max-video-preview":"max-video-preview:-1"},"canonical":"https:\/\/worknax.com\/es\/terms-of-use\/","og_locale":"es_MX","og_type":"article","og_title":"Terms of Use - worknax","og_description":"Last updated: March 27, 2025 WorkNax operates as an independent digital learning platform offering educational content and online courses focused on skill development, career growth, and personal improvement. By accessing or using this website, you agree to abide by the terms, conditions, and policies outlined below. These Terms of Use define the rights and responsibilities [&hellip;]","og_url":"https:\/\/worknax.com\/es\/terms-of-use\/","og_site_name":"worknax","article_modified_time":"2025-11-24T18:47:14+00:00","twitter_card":"summary_large_image","twitter_misc":{"Est. reading time":"4 minutos"},"schema":{"@context":"https:\/\/schema.org","@graph":[{"@type":"WebPage","@id":"https:\/\/worknax.com\/es\/terms-of-use\/","url":"https:\/\/worknax.com\/es\/terms-of-use\/","name":"Terms of Use - worknax","isPartOf":{"@id":"https:\/\/worknax.com\/es\/#website"},"datePublished":"2025-03-27T16:12:41+00:00","dateModified":"2025-11-24T18:47:14+00:00","breadcrumb":{"@id":"https:\/\/worknax.com\/es\/terms-of-use\/#breadcrumb"},"inLanguage":"es-MX","potentialAction":[{"@type":"ReadAction","target":["https:\/\/worknax.com\/es\/terms-of-use\/"]}]},{"@type":"BreadcrumbList","@id":"https:\/\/worknax.com\/es\/terms-of-use\/#breadcrumb","itemListElement":[{"@type":"ListItem","position":1,"name":"Home","item":"https:\/\/worknax.com\/es\/"},{"@type":"ListItem","position":2,"name":"Terms of Use"}]},{"@type":"WebSite","@id":"https:\/\/worknax.com\/es\/#website","url":"https:\/\/worknax.com\/es\/","name":"worknax","description":"","publisher":{"@id":"https:\/\/worknax.com\/es\/#organization"},"potentialAction":[{"@type":"SearchAction","target":{"@type":"EntryPoint","urlTemplate":"https:\/\/worknax.com\/es\/?s={search_term_string}"},"query-input":"required name=search_term_string"}],"inLanguage":"es-MX"},{"@type":"Organization","@id":"https:\/\/worknax.com\/es\/#organization","name":"worknax","url":"https:\/\/worknax.com\/es\/","logo":{"@type":"ImageObject","inLanguage":"es-MX","@id":"https:\/\/worknax.com\/es\/#\/schema\/logo\/image\/","url":"https:\/\/worknax.com\/wp-content\/uploads\/sites\/159\/2025\/03\/cropped-cropped-Logotipo-moderno-para-ensino-cerebro-azul-amarelo-e-laranja-1.png","contentUrl":"https:\/\/worknax.com\/wp-content\/uploads\/sites\/159\/2025\/03\/cropped-cropped-Logotipo-moderno-para-ensino-cerebro-azul-amarelo-e-laranja-1.png","width":512,"height":512,"caption":"worknax"},"image":{"@id":"https:\/\/worknax.com\/es\/#\/schema\/logo\/image\/"}}]}},"_links":{"self":[{"href":"https:\/\/worknax.com\/es\/wp-json\/wp\/v2\/pages\/316"}],"collection":[{"href":"https:\/\/worknax.com\/es\/wp-json\/wp\/v2\/pages"}],"about":[{"href":"https:\/\/worknax.com\/es\/wp-json\/wp\/v2\/types\/page"}],"author":[{"embeddable":true,"href":"https:\/\/worknax.com\/es\/wp-json\/wp\/v2\/users\/76"}],"replies":[{"embeddable":true,"href":"https:\/\/worknax.com\/es\/wp-json\/wp\/v2\/comments?post=316"}],"version-history":[{"count":8,"href":"https:\/\/worknax.com\/es\/wp-json\/wp\/v2\/pages\/316\/revisions"}],"predecessor-version":[{"id":886,"href":"https:\/\/worknax.com\/es\/wp-json\/wp\/v2\/pages\/316\/revisions\/886"}],"wp:attachment":[{"href":"https:\/\/worknax.com\/es\/wp-json\/wp\/v2\/media?parent=316"}],"curies":[{"name":"wp","href":"https:\/\/api.w.org\/{rel}","templated":true}]}}