    {"id":314,"date":"2025-03-27T16:10:32","date_gmt":"2025-03-27T16:10:32","guid":{"rendered":"https:\/\/worknax.com\/?page_id=314"},"modified":"2025-11-22T12:33:40","modified_gmt":"2025-11-22T12:33:40","slug":"about-us","status":"publish","type":"page","link":"https:\/\/worknax.com\/es\/about-us\/","title":{"rendered":"Sobre nosotros"},"content":{"rendered":"<p>Bienvenido a <strong>WorkNax<\/strong> Tu espacio para aprender con claridad, crecer con prop\u00f3sito y avanzar con confianza. Ya sea que est\u00e9s empezando, cambiando de rumbo o mejorando tus habilidades, estamos aqu\u00ed para ayudarte a aprender con m\u00e1s inteligencia y progresar m\u00e1s r\u00e1pido.<\/p>\n\n\n\n<h2 class=\"wp-block-heading\">\u00bfQu\u00e9 nos motiva?<\/h2>\n\n\n\n<p>En WorkNax, creemos que el aprendizaje debe ser eficiente, pr\u00e1ctico y basado en resultados reales. Nuestra misi\u00f3n es convertir temas complejos en lecciones claras y accesibles que te ayuden a desarrollar habilidades s\u00f3lidas, tomar mejores decisiones y estar preparado para un mundo digital en constante evoluci\u00f3n.<\/p>\n\n\n\n<p>Nos enfocamos en brindar experiencias de aprendizaje estructuradas, intuitivas y de alta calidad que lo ayuden a progresar a su propio ritmo mientras desarrolla las habilidades que realmente importan para su crecimiento personal y profesional.<\/p>\n\n\n\n<h2 class=\"wp-block-heading\">Quienes somos<\/h2>\n\n\n\n<p>Somos un equipo de creadores, educadores y estudiantes de por vida, comprometidos con transformar el conocimiento en acci\u00f3n. Todo lo que creamos est\u00e1 dise\u00f1ado para fortalecer tus capacidades, optimizar tu rendimiento y apoyar tu desarrollo a largo plazo.<\/p>\n\n\n\n<p>Aqu\u00ed no solo obtienes informaci\u00f3n: ampl\u00edas tu potencial a trav\u00e9s del aprendizaje que te permite adaptarte, resolver problemas y evolucionar continuamente.<\/p>\n\n\n\n<h2 class=\"wp-block-heading\">Complicarse<\/h2>\n\n\n\n<p>\u00bfTienes una idea, un tema que quieres explorar o una habilidad que quieres dominar? Nos encantar\u00eda saber de ti. Tus comentarios nos gu\u00edan en nuestros pr\u00f3ximos pasos y nos ayudan a crear experiencias de aprendizaje impactantes que realmente te ayuden en tu camino.<\/p>\n\n\n\n<p>Sigamos construyendo juntos tu futuro: una idea, una habilidad, un avance a la vez.<\/p>","protected":false},"excerpt":{"rendered":"<p>Bienvenido a WorkNax: tu espacio para aprender con claridad, crecer con prop\u00f3sito y avanzar con confianza. Ya sea que est\u00e9s empezando, cambiando de rumbo o mejorando tus habilidades, estamos aqu\u00ed para ayudarte a aprender de forma m\u00e1s inteligente y progresar m\u00e1s r\u00e1pido. Qu\u00e9 nos motiva: En WorkNax, creemos que el aprendizaje debe ser eficiente, pr\u00e1ctico y basado en la realidad [\u2026]<\/p>","protected":false},"author":76,"featured_media":0,"parent":0,"menu_order":0,"comment_status":"closed","ping_status":"closed","template":"","meta":{"footnotes":""},"yoast_head":"<!-- This site is optimized with the Yoast SEO plugin v23.3 - https:\/\/yoast.com\/wordpress\/plugins\/seo\/ -->\n<title>About Us - worknax<\/title>\n<meta name=\"robots\" content=\"index, follow, max-snippet:-1, max-image-preview:large, max-video-preview:-1\" \/>\n<link rel=\"canonical\" href=\"https:\/\/worknax.com\/es\/about-us\/\" \/>\n<meta property=\"og:locale\" content=\"es_MX\" \/>\n<meta property=\"og:type\" content=\"article\" \/>\n<meta property=\"og:title\" content=\"About Us - worknax\" \/>\n<meta property=\"og:description\" content=\"Welcome to WorkNax \u2013 your space to learn with clarity, grow with purpose, and move forward with confidence. Whether you&#8217;re just beginning, switching paths, or leveling up your abilities, we\u2019re here to help you learn smarter and advance faster. What drives us At WorkNax, we believe learning should be efficient, practical, and grounded in real-world [&hellip;]\" \/>\n<meta property=\"og:url\" content=\"https:\/\/worknax.com\/es\/about-us\/\" \/>\n<meta property=\"og:site_name\" content=\"worknax\" \/>\n<meta property=\"article:modified_time\" content=\"2025-11-22T12:33:40+00:00\" \/>\n<meta name=\"twitter:card\" content=\"summary_large_image\" \/>\n<meta name=\"twitter:label1\" content=\"Est. reading time\" \/>\n\t<meta name=\"twitter:data1\" content=\"1 minuto\" \/>\n<script type=\"application\/ld+json\" class=\"yoast-schema-graph\">{\"@context\":\"https:\/\/schema.org\",\"@graph\":[{\"@type\":\"WebPage\",\"@id\":\"https:\/\/worknax.com\/es\/about-us\/\",\"url\":\"https:\/\/worknax.com\/es\/about-us\/\",\"name\":\"About Us - worknax\",\"isPartOf\":{\"@id\":\"https:\/\/worknax.com\/es\/#website\"},\"datePublished\":\"2025-03-27T16:10:32+00:00\",\"dateModified\":\"2025-11-22T12:33:40+00:00\",\"breadcrumb\":{\"@id\":\"https:\/\/worknax.com\/es\/about-us\/#breadcrumb\"},\"inLanguage\":\"es-MX\",\"potentialAction\":[{\"@type\":\"ReadAction\",\"target\":[\"https:\/\/worknax.com\/es\/about-us\/\"]}]},{\"@type\":\"BreadcrumbList\",\"@id\":\"https:\/\/worknax.com\/es\/about-us\/#breadcrumb\",\"itemListElement\":[{\"@type\":\"ListItem\",\"position\":1,\"name\":\"Home\",\"item\":\"https:\/\/worknax.com\/es\/\"},{\"@type\":\"ListItem\",\"position\":2,\"name\":\"About Us\"}]},{\"@type\":\"WebSite\",\"@id\":\"https:\/\/worknax.com\/es\/#website\",\"url\":\"https:\/\/worknax.com\/es\/\",\"name\":\"worknax\",\"description\":\"\",\"publisher\":{\"@id\":\"https:\/\/worknax.com\/es\/#organization\"},\"potentialAction\":[{\"@type\":\"SearchAction\",\"target\":{\"@type\":\"EntryPoint\",\"urlTemplate\":\"https:\/\/worknax.com\/es\/?s={search_term_string}\"},\"query-input\":\"required name=search_term_string\"}],\"inLanguage\":\"es-MX\"},{\"@type\":\"Organization\",\"@id\":\"https:\/\/worknax.com\/es\/#organization\",\"name\":\"worknax\",\"url\":\"https:\/\/worknax.com\/es\/\",\"logo\":{\"@type\":\"ImageObject\",\"inLanguage\":\"es-MX\",\"@id\":\"https:\/\/worknax.com\/es\/#\/schema\/logo\/image\/\",\"url\":\"https:\/\/worknax.com\/wp-content\/uploads\/sites\/159\/2025\/03\/cropped-cropped-Logotipo-moderno-para-ensino-cerebro-azul-amarelo-e-laranja-1.png\",\"contentUrl\":\"https:\/\/worknax.com\/wp-content\/uploads\/sites\/159\/2025\/03\/cropped-cropped-Logotipo-moderno-para-ensino-cerebro-azul-amarelo-e-laranja-1.png\",\"width\":512,\"height\":512,\"caption\":\"worknax\"},\"image\":{\"@id\":\"https:\/\/worknax.com\/es\/#\/schema\/logo\/image\/\"}}]}<\/script>\n<!-- \/ Yoast SEO plugin. -->","yoast_head_json":{"title":"About Us - worknax","robots":{"index":"index","follow":"follow","max-snippet":"max-snippet:-1","max-image-preview":"max-image-preview:large","max-video-preview":"max-video-preview:-1"},"canonical":"https:\/\/worknax.com\/es\/about-us\/","og_locale":"es_MX","og_type":"article","og_title":"About Us - worknax","og_description":"Welcome to WorkNax \u2013 your space to learn with clarity, grow with purpose, and move forward with confidence. Whether you&#8217;re just beginning, switching paths, or leveling up your abilities, we\u2019re here to help you learn smarter and advance faster. What drives us At WorkNax, we believe learning should be efficient, practical, and grounded in real-world [&hellip;]","og_url":"https:\/\/worknax.com\/es\/about-us\/","og_site_name":"worknax","article_modified_time":"2025-11-22T12:33:40+00:00","twitter_card":"summary_large_image","twitter_misc":{"Est. reading time":"1 minuto"},"schema":{"@context":"https:\/\/schema.org","@graph":[{"@type":"WebPage","@id":"https:\/\/worknax.com\/es\/about-us\/","url":"https:\/\/worknax.com\/es\/about-us\/","name":"About Us - worknax","isPartOf":{"@id":"https:\/\/worknax.com\/es\/#website"},"datePublished":"2025-03-27T16:10:32+00:00","dateModified":"2025-11-22T12:33:40+00:00","breadcrumb":{"@id":"https:\/\/worknax.com\/es\/about-us\/#breadcrumb"},"inLanguage":"es-MX","potentialAction":[{"@type":"ReadAction","target":["https:\/\/worknax.com\/es\/about-us\/"]}]},{"@type":"BreadcrumbList","@id":"https:\/\/worknax.com\/es\/about-us\/#breadcrumb","itemListElement":[{"@type":"ListItem","position":1,"name":"Home","item":"https:\/\/worknax.com\/es\/"},{"@type":"ListItem","position":2,"name":"About Us"}]},{"@type":"WebSite","@id":"https:\/\/worknax.com\/es\/#website","url":"https:\/\/worknax.com\/es\/","name":"worknax","description":"","publisher":{"@id":"https:\/\/worknax.com\/es\/#organization"},"potentialAction":[{"@type":"SearchAction","target":{"@type":"EntryPoint","urlTemplate":"https:\/\/worknax.com\/es\/?s={search_term_string}"},"query-input":"required name=search_term_string"}],"inLanguage":"es-MX"},{"@type":"Organization","@id":"https:\/\/worknax.com\/es\/#organization","name":"worknax","url":"https:\/\/worknax.com\/es\/","logo":{"@type":"ImageObject","inLanguage":"es-MX","@id":"https:\/\/worknax.com\/es\/#\/schema\/logo\/image\/","url":"https:\/\/worknax.com\/wp-content\/uploads\/sites\/159\/2025\/03\/cropped-cropped-Logotipo-moderno-para-ensino-cerebro-azul-amarelo-e-laranja-1.png","contentUrl":"https:\/\/worknax.com\/wp-content\/uploads\/sites\/159\/2025\/03\/cropped-cropped-Logotipo-moderno-para-ensino-cerebro-azul-amarelo-e-laranja-1.png","width":512,"height":512,"caption":"worknax"},"image":{"@id":"https:\/\/worknax.com\/es\/#\/schema\/logo\/image\/"}}]}},"_links":{"self":[{"href":"https:\/\/worknax.com\/es\/wp-json\/wp\/v2\/pages\/314"}],"collection":[{"href":"https:\/\/worknax.com\/es\/wp-json\/wp\/v2\/pages"}],"about":[{"href":"https:\/\/worknax.com\/es\/wp-json\/wp\/v2\/types\/page"}],"author":[{"embeddable":true,"href":"https:\/\/worknax.com\/es\/wp-json\/wp\/v2\/users\/76"}],"replies":[{"embeddable":true,"href":"https:\/\/worknax.com\/es\/wp-json\/wp\/v2\/comments?post=314"}],"version-history":[{"count":2,"href":"https:\/\/worknax.com\/es\/wp-json\/wp\/v2\/pages\/314\/revisions"}],"predecessor-version":[{"id":878,"href":"https:\/\/worknax.com\/es\/wp-json\/wp\/v2\/pages\/314\/revisions\/878"}],"wp:attachment":[{"href":"https:\/\/worknax.com\/es\/wp-json\/wp\/v2\/media?parent=314"}],"curies":[{"name":"wp","href":"https:\/\/api.w.org\/{rel}","templated":true}]}}