    {"id":312,"date":"2025-03-27T16:09:45","date_gmt":"2025-03-27T16:09:45","guid":{"rendered":"https:\/\/worknax.com\/?page_id=312"},"modified":"2025-11-24T18:09:17","modified_gmt":"2025-11-24T18:09:17","slug":"contact","status":"publish","type":"page","link":"https:\/\/worknax.com\/es\/contact\/","title":{"rendered":"Contacto"},"content":{"rendered":"<p>Gracias por visitarnos <strong>WorkNax<\/strong>Tu plataforma de confianza para el aprendizaje, el desarrollo profesional y el crecimiento permanente. Valoramos mucho tus mensajes y estamos aqu\u00ed para apoyarte, conectarte y colaborar contigo.<\/p>\n\n\n\n<h3 class=\"wp-block-heading\">Consultas generales<\/h3>\n\n\n\n<p>\u00bfTienes alguna pregunta sobre WorkNax o simplemente quieres contactarnos? Escr\u00edbenos a <strong>contacto@worknax.com<\/strong><br>Nos encanta escuchar de nuestra comunidad y nos comunicaremos con usted lo antes posible.<\/p>\n\n\n\n<h3 class=\"wp-block-heading\">Sugerencias y contribuciones del curso<\/h3>\n\n\n\n<p>\u00bfTienes una idea para un nuevo curso? \u00bfQuieres compartir tu experiencia o sugerir un tema que deber\u00edamos abordar? Cont\u00e1ctanos. <strong>contacto@worknax.com<\/strong><br>Siempre estamos buscando nuevas perspectivas y voces en el mundo de la educaci\u00f3n y la capacitaci\u00f3n.<\/p>\n\n\n\n<h3 class=\"wp-block-heading\">Apoyo t\u00e9cnico<\/h3>\n\n\n\n<p>Si tiene alg\u00fan problema con nuestra plataforma o necesita ayuda para acceder al contenido del curso, no dude en contactarnos en <strong>contacto@worknax.com<\/strong><br>Estamos aqu\u00ed para garantizar que su viaje de aprendizaje sea lo m\u00e1s sencillo posible.<\/p>\n\n\n\n<h3 class=\"wp-block-heading\">Mantente conectado<\/h3>\n\n\n\n<p>WorkNax es una plataforma digital dise\u00f1ada para estudiantes de todo el mundo. Si bien no operamos desde una oficina f\u00edsica, siempre estamos en l\u00ednea, listos para escucharte, apoyarte y crecer contigo.<\/p>\n\n\n\n<p>Gracias de nuevo por formar parte de la comunidad WorkNax. \u00a1Esperamos tener noticias tuyas!<\/p>\n\n\n\n<p>Un cordial saludo,<br><strong>El equipo de WorkNax<\/strong><\/p>","protected":false},"excerpt":{"rendered":"<p>Gracias por visitar WorkNax, su plataforma de confianza para el aprendizaje, el desarrollo profesional y el crecimiento permanente. Valoramos mucho sus mensajes y estamos aqu\u00ed para apoyarlos, conectar con ustedes y colaborar con ustedes. Consultas generales: \u00bfTiene alguna pregunta sobre WorkNax o simplemente quiere contactarnos? Env\u00edenos un correo electr\u00f3nico a contact@worknax.com. Nos encanta saber de nuestra comunidad y nos pondremos en contacto con usted [\u2026]<\/p>","protected":false},"author":76,"featured_media":0,"parent":0,"menu_order":0,"comment_status":"closed","ping_status":"closed","template":"","meta":{"footnotes":""},"yoast_head":"<!-- This site is optimized with the Yoast SEO plugin v23.3 - https:\/\/yoast.com\/wordpress\/plugins\/seo\/ -->\n<title>Contact - worknax<\/title>\n<meta name=\"robots\" content=\"index, follow, max-snippet:-1, max-image-preview:large, max-video-preview:-1\" \/>\n<link rel=\"canonical\" href=\"https:\/\/worknax.com\/es\/contact\/\" \/>\n<meta property=\"og:locale\" content=\"es_MX\" \/>\n<meta property=\"og:type\" content=\"article\" \/>\n<meta property=\"og:title\" content=\"Contact - worknax\" \/>\n<meta property=\"og:description\" content=\"Thank you for visiting WorkNax, your trusted platform for learning, professional development, and lifelong growth. We truly value your messages and are here to support, connect, and collaborate with you. General Inquiries Have a question about WorkNax or just want to reach out? Email us at contact@worknax.comWe love hearing from our community and will get [&hellip;]\" \/>\n<meta property=\"og:url\" content=\"https:\/\/worknax.com\/es\/contact\/\" \/>\n<meta property=\"og:site_name\" content=\"worknax\" \/>\n<meta property=\"article:modified_time\" content=\"2025-11-24T18:09:17+00:00\" \/>\n<meta name=\"twitter:card\" content=\"summary_large_image\" \/>\n<meta name=\"twitter:label1\" content=\"Est. reading time\" \/>\n\t<meta name=\"twitter:data1\" content=\"1 minuto\" \/>\n<script type=\"application\/ld+json\" class=\"yoast-schema-graph\">{\"@context\":\"https:\/\/schema.org\",\"@graph\":[{\"@type\":\"WebPage\",\"@id\":\"https:\/\/worknax.com\/contact\/\",\"url\":\"https:\/\/worknax.com\/contact\/\",\"name\":\"Contact - worknax\",\"isPartOf\":{\"@id\":\"https:\/\/worknax.com\/es\/#website\"},\"datePublished\":\"2025-03-27T16:09:45+00:00\",\"dateModified\":\"2025-11-24T18:09:17+00:00\",\"breadcrumb\":{\"@id\":\"https:\/\/worknax.com\/contact\/#breadcrumb\"},\"inLanguage\":\"es-MX\",\"potentialAction\":[{\"@type\":\"ReadAction\",\"target\":[\"https:\/\/worknax.com\/contact\/\"]}]},{\"@type\":\"BreadcrumbList\",\"@id\":\"https:\/\/worknax.com\/contact\/#breadcrumb\",\"itemListElement\":[{\"@type\":\"ListItem\",\"position\":1,\"name\":\"Home\",\"item\":\"https:\/\/worknax.com\/es\/\"},{\"@type\":\"ListItem\",\"position\":2,\"name\":\"Contact\"}]},{\"@type\":\"WebSite\",\"@id\":\"https:\/\/worknax.com\/es\/#website\",\"url\":\"https:\/\/worknax.com\/es\/\",\"name\":\"worknax\",\"description\":\"\",\"publisher\":{\"@id\":\"https:\/\/worknax.com\/es\/#organization\"},\"potentialAction\":[{\"@type\":\"SearchAction\",\"target\":{\"@type\":\"EntryPoint\",\"urlTemplate\":\"https:\/\/worknax.com\/es\/?s={search_term_string}\"},\"query-input\":\"required name=search_term_string\"}],\"inLanguage\":\"es-MX\"},{\"@type\":\"Organization\",\"@id\":\"https:\/\/worknax.com\/es\/#organization\",\"name\":\"worknax\",\"url\":\"https:\/\/worknax.com\/es\/\",\"logo\":{\"@type\":\"ImageObject\",\"inLanguage\":\"es-MX\",\"@id\":\"https:\/\/worknax.com\/es\/#\/schema\/logo\/image\/\",\"url\":\"https:\/\/worknax.com\/wp-content\/uploads\/sites\/159\/2025\/03\/cropped-cropped-Logotipo-moderno-para-ensino-cerebro-azul-amarelo-e-laranja-1.png\",\"contentUrl\":\"https:\/\/worknax.com\/wp-content\/uploads\/sites\/159\/2025\/03\/cropped-cropped-Logotipo-moderno-para-ensino-cerebro-azul-amarelo-e-laranja-1.png\",\"width\":512,\"height\":512,\"caption\":\"worknax\"},\"image\":{\"@id\":\"https:\/\/worknax.com\/es\/#\/schema\/logo\/image\/\"}}]}<\/script>\n<!-- \/ Yoast SEO plugin. -->","yoast_head_json":{"title":"Contact - worknax","robots":{"index":"index","follow":"follow","max-snippet":"max-snippet:-1","max-image-preview":"max-image-preview:large","max-video-preview":"max-video-preview:-1"},"canonical":"https:\/\/worknax.com\/es\/contact\/","og_locale":"es_MX","og_type":"article","og_title":"Contact - worknax","og_description":"Thank you for visiting WorkNax, your trusted platform for learning, professional development, and lifelong growth. We truly value your messages and are here to support, connect, and collaborate with you. General Inquiries Have a question about WorkNax or just want to reach out? Email us at contact@worknax.comWe love hearing from our community and will get [&hellip;]","og_url":"https:\/\/worknax.com\/es\/contact\/","og_site_name":"worknax","article_modified_time":"2025-11-24T18:09:17+00:00","twitter_card":"summary_large_image","twitter_misc":{"Est. reading time":"1 minuto"},"schema":{"@context":"https:\/\/schema.org","@graph":[{"@type":"WebPage","@id":"https:\/\/worknax.com\/contact\/","url":"https:\/\/worknax.com\/contact\/","name":"Contact - worknax","isPartOf":{"@id":"https:\/\/worknax.com\/es\/#website"},"datePublished":"2025-03-27T16:09:45+00:00","dateModified":"2025-11-24T18:09:17+00:00","breadcrumb":{"@id":"https:\/\/worknax.com\/contact\/#breadcrumb"},"inLanguage":"es-MX","potentialAction":[{"@type":"ReadAction","target":["https:\/\/worknax.com\/contact\/"]}]},{"@type":"BreadcrumbList","@id":"https:\/\/worknax.com\/contact\/#breadcrumb","itemListElement":[{"@type":"ListItem","position":1,"name":"Home","item":"https:\/\/worknax.com\/es\/"},{"@type":"ListItem","position":2,"name":"Contact"}]},{"@type":"WebSite","@id":"https:\/\/worknax.com\/es\/#website","url":"https:\/\/worknax.com\/es\/","name":"worknax","description":"","publisher":{"@id":"https:\/\/worknax.com\/es\/#organization"},"potentialAction":[{"@type":"SearchAction","target":{"@type":"EntryPoint","urlTemplate":"https:\/\/worknax.com\/es\/?s={search_term_string}"},"query-input":"required name=search_term_string"}],"inLanguage":"es-MX"},{"@type":"Organization","@id":"https:\/\/worknax.com\/es\/#organization","name":"worknax","url":"https:\/\/worknax.com\/es\/","logo":{"@type":"ImageObject","inLanguage":"es-MX","@id":"https:\/\/worknax.com\/es\/#\/schema\/logo\/image\/","url":"https:\/\/worknax.com\/wp-content\/uploads\/sites\/159\/2025\/03\/cropped-cropped-Logotipo-moderno-para-ensino-cerebro-azul-amarelo-e-laranja-1.png","contentUrl":"https:\/\/worknax.com\/wp-content\/uploads\/sites\/159\/2025\/03\/cropped-cropped-Logotipo-moderno-para-ensino-cerebro-azul-amarelo-e-laranja-1.png","width":512,"height":512,"caption":"worknax"},"image":{"@id":"https:\/\/worknax.com\/es\/#\/schema\/logo\/image\/"}}]}},"_links":{"self":[{"href":"https:\/\/worknax.com\/es\/wp-json\/wp\/v2\/pages\/312"}],"collection":[{"href":"https:\/\/worknax.com\/es\/wp-json\/wp\/v2\/pages"}],"about":[{"href":"https:\/\/worknax.com\/es\/wp-json\/wp\/v2\/types\/page"}],"author":[{"embeddable":true,"href":"https:\/\/worknax.com\/es\/wp-json\/wp\/v2\/users\/76"}],"replies":[{"embeddable":true,"href":"https:\/\/worknax.com\/es\/wp-json\/wp\/v2\/comments?post=312"}],"version-history":[{"count":4,"href":"https:\/\/worknax.com\/es\/wp-json\/wp\/v2\/pages\/312\/revisions"}],"predecessor-version":[{"id":882,"href":"https:\/\/worknax.com\/es\/wp-json\/wp\/v2\/pages\/312\/revisions\/882"}],"wp:attachment":[{"href":"https:\/\/worknax.com\/es\/wp-json\/wp\/v2\/media?parent=312"}],"curies":[{"name":"wp","href":"https:\/\/api.w.org\/{rel}","templated":true}]}}