    {"id":310,"date":"2025-03-27T16:07:19","date_gmt":"2025-03-27T16:07:19","guid":{"rendered":"https:\/\/worknax.com\/?page_id=310"},"modified":"2025-10-21T18:02:23","modified_gmt":"2025-10-21T18:02:23","slug":"privacy-policy","status":"publish","type":"page","link":"https:\/\/worknax.com\/es\/privacy-policy\/","title":{"rendered":"pol\u00edtica de privacidad"},"content":{"rendered":"<p>Su privacidad es importante para nosotros. Es&nbsp;<strong>WORKNAX<\/strong>&nbsp;Pol\u00edtica de respetar su privacidad con respecto a cualquier informaci\u00f3n que podamos recopilar de usted a trav\u00e9s de nuestro sitio web,&nbsp;<a href=\"https:\/\/worknax.com\/es\/\">WORKNAX<\/a>y otros sitios que poseemos y operamos.<\/p>\n\n\n\n<p>Solo solicitamos informaci\u00f3n personal cuando realmente la necesitamos para prestarle un servicio. La recopilamos por medios justos y l\u00edcitos, con su conocimiento y consentimiento. Tambi\u00e9n le informamos por qu\u00e9 la recopilamos y c\u00f3mo la utilizaremos.<\/p>\n\n\n\n<p>Solo conservamos la informaci\u00f3n recopilada el tiempo necesario para prestarle el servicio solicitado. Los datos que almacenamos los protegemos con medios comercialmente aceptables para evitar p\u00e9rdidas y robos, as\u00ed como el acceso, la divulgaci\u00f3n, la copia, el uso o la modificaci\u00f3n no autorizados.<\/p>\n\n\n\n<p>No compartimos ning\u00fan dato de identificaci\u00f3n personal p\u00fablicamente ni con terceros, excepto cuando lo exige la ley.<\/p>\n\n\n\n<p>Nuestro sitio web puede enlazar a sitios externos que no operamos. Tenga en cuenta que no tenemos control sobre el contenido ni las pr\u00e1cticas de estos sitios, y no nos hacemos responsables de sus respectivas pol\u00edticas de privacidad.<\/p>\n\n\n\n<p>Usted es libre de rechazar nuestra solicitud de su informaci\u00f3n personal, con el entendimiento de que es posible que no podamos brindarle algunos de los servicios deseados.<\/p>\n\n\n\n<p>Su uso continuado de nuestro sitio web se considerar\u00e1 como la aceptaci\u00f3n de nuestras pr\u00e1cticas de privacidad e informaci\u00f3n personal. Si tiene alguna pregunta sobre c\u00f3mo gestionamos los datos de usuario y la informaci\u00f3n personal, no dude en contactarnos.<\/p>\n\n\n\n<h2 class=\"wp-block-heading\"><strong>Pol\u00edtica de cookies<\/strong>&nbsp;para&nbsp;<strong>WORKNAX<\/strong><\/h2>\n\n\n\n<p>Esta es la Pol\u00edtica de Cookies para&nbsp;<strong>WORKNAX<\/strong>, accesible desde URL<\/p>\n\n\n\n<h3 class=\"wp-block-heading\">\u00bfQu\u00e9 son las cookies?<\/h3>\n\n\n\n<p>Como es habitual en casi todos los sitios web profesionales, este sitio utiliza cookies, que son peque\u00f1os archivos que se descargan en su ordenador, para mejorar su experiencia. Esta p\u00e1gina describe qu\u00e9 informaci\u00f3n recopilan, c\u00f3mo la utilizamos y por qu\u00e9 a veces necesitamos almacenar estas cookies. Tambi\u00e9n le explicaremos c\u00f3mo puede evitar que se almacenen estas cookies; sin embargo, esto podr\u00eda reducir o interrumpir la funcionalidad de ciertos elementos del sitio.<\/p>\n\n\n\n<h3 class=\"wp-block-heading\">C\u00f3mo utilizamos las cookies<\/h3>\n\n\n\n<p>Utilizamos cookies por diversas razones que se detallan a continuaci\u00f3n. Lamentablemente, en la mayor\u00eda de los casos, no existen opciones est\u00e1ndar en la industria para deshabilitar las cookies sin desactivar por completo la funcionalidad y las caracter\u00edsticas que a\u00f1aden a este sitio. Se recomienda dejar activadas todas las cookies si no est\u00e1 seguro de si las necesita o no, en caso de que se utilicen para prestar un servicio que utiliza.<\/p>\n\n\n\n<h3 class=\"wp-block-heading\">Desactivaci\u00f3n de cookies<\/h3>\n\n\n\n<p>Puede evitar la instalaci\u00f3n de cookies configurando su navegador (consulte la Ayuda de su navegador para saber c\u00f3mo hacerlo). Tenga en cuenta que deshabilitar las cookies afectar\u00e1 la funcionalidad de este y muchos otros sitios web que visite. Deshabilitar las cookies generalmente tambi\u00e9n deshabilitar\u00e1 ciertas funciones y caracter\u00edsticas de este sitio. Por lo tanto, se recomienda no deshabilitar las cookies.<\/p>\n\n\n\n<h3 class=\"wp-block-heading\">Las cookies que configuramos<\/h3>\n\n\n\n<ul>\n<li>Cookies relacionadas con la cuenta<br>Si crea una cuenta con nosotros, utilizaremos cookies para gestionar el proceso de registro y la administraci\u00f3n general. Estas cookies se eliminar\u00e1n normalmente al cerrar sesi\u00f3n, aunque en algunos casos podr\u00edan permanecer despu\u00e9s para recordar sus preferencias del sitio al cerrar sesi\u00f3n.<\/li>\n\n\n\n<li>Cookies relacionadas con el inicio de sesi\u00f3n<br>Utilizamos cookies cuando inicia sesi\u00f3n para recordarlo. Esto evita que tenga que iniciar sesi\u00f3n cada vez que visita una p\u00e1gina nueva. Estas cookies suelen eliminarse al cerrar sesi\u00f3n para garantizar que solo pueda acceder a funciones y \u00e1reas restringidas al iniciar sesi\u00f3n.<\/li>\n\n\n\n<li>Cookies relacionadas con los boletines informativos por correo electr\u00f3nico<br><br>Este sitio ofrece servicios de suscripci\u00f3n a boletines informativos o correo electr\u00f3nico y se pueden utilizar cookies para recordar si ya est\u00e1 registrado y si desea mostrar ciertas notificaciones que solo pueden ser v\u00e1lidas para usuarios suscritos o no suscritos.<\/li>\n\n\n\n<li>Cookies relacionadas con el procesamiento de pedidos<br>Este sitio ofrece facilidades de comercio electr\u00f3nico o de pago y algunas cookies son esenciales para garantizar que su pedido se recuerde entre p\u00e1ginas para que podamos procesarlo correctamente.<\/li>\n\n\n\n<li>Cookies relacionadas con encuestas<br>De vez en cuando, ofrecemos encuestas y cuestionarios para ofrecerle informaci\u00f3n interesante, herramientas \u00fatiles o para comprender mejor a nuestros usuarios. Estas encuestas pueden utilizar cookies para recordar qui\u00e9n ya ha participado en una encuesta o para proporcionarle resultados precisos al cambiar de p\u00e1gina.<\/li>\n\n\n\n<li>Cookies relacionadas con formularios<br>Cuando env\u00eda datos a trav\u00e9s de un formulario, como los que se encuentran en las p\u00e1ginas de contacto o formularios de comentarios, se pueden configurar cookies para recordar sus datos de usuario para futura correspondencia.<\/li>\n\n\n\n<li>Cookies de preferencias del sitio<br>Para brindarle una excelente experiencia en este sitio, le ofrecemos la posibilidad de configurar sus preferencias sobre el funcionamiento del sitio al usarlo. Para recordar sus preferencias, necesitamos configurar cookies para que esta informaci\u00f3n se pueda recuperar cada vez que interact\u00fae con una p\u00e1gina que se vea afectada por sus preferencias.<\/li>\n<\/ul>\n\n\n\n<h3 class=\"wp-block-heading\">Cookies de terceros<\/h3>\n\n\n\n<p>En algunos casos especiales, tambi\u00e9n utilizamos cookies de terceros de confianza. La siguiente secci\u00f3n detalla qu\u00e9 cookies de terceros podr\u00eda encontrar en este sitio.<\/p>\n\n\n\n<ul>\n<li>Este sitio utiliza Google Analytics, una de las soluciones de an\u00e1lisis web m\u00e1s extendidas y fiables, para comprender c\u00f3mo utiliza el sitio y c\u00f3mo podemos mejorar su experiencia. Estas cookies pueden registrar datos como el tiempo que pasa en el sitio y las p\u00e1ginas que visita, lo que nos permite seguir generando contenido atractivo. Para obtener m\u00e1s informaci\u00f3n sobre las cookies de Google Analytics, consulte la p\u00e1gina oficial de Google Analytics.<\/li>\n\n\n\n<li>Utilizamos an\u00e1lisis de terceros para rastrear y medir el uso de este sitio y as\u00ed poder seguir creando contenido atractivo. Estas cookies pueden registrar datos como el tiempo que pasa en el sitio o las p\u00e1ginas que visita, lo que nos ayuda a comprender c\u00f3mo podemos mejorar el sitio para usted.<\/li>\n\n\n\n<li>De vez en cuando, probamos nuevas funciones y realizamos peque\u00f1os cambios en la forma en que se muestra el sitio. Mientras probamos nuevas funciones, podemos utilizar estas cookies para garantizar que disfrute de una experiencia consistente en el sitio, a la vez que nos permite comprender qu\u00e9 optimizaciones valoran m\u00e1s nuestros usuarios.<\/li>\n\n\n\n<li>Al vender productos, es importante para nosotros comprender las estad\u00edsticas sobre cu\u00e1ntos visitantes de nuestro sitio web realizan una compra. Por lo tanto, este es el tipo de datos que estas cookies registrar\u00e1n. Esto es importante para usted, ya que nos permite realizar predicciones comerciales precisas que nos permiten monitorear nuestros costos de publicidad y productos para garantizar el mejor precio posible.<\/li>\n\n\n\n<li>Tambi\u00e9n utilizamos botones y\/o complementos de redes sociales en este sitio que le permiten conectarse con su red social de diversas maneras. Para que funcionen, las siguientes redes sociales, incluyendo [nombre del sitio], instalar\u00e1n cookies a trav\u00e9s de nuestro sitio que pueden utilizarse para mejorar su perfil en su sitio o para contribuir a los datos que conservan para diversos fines, descritos en sus respectivas pol\u00edticas de privacidad.<\/li>\n<\/ul>\n\n\n\n<h3 class=\"wp-block-heading\">Publicidad (Google AdSense) y sus opciones<\/h3>\n\n\n\n<p>Este sitio utiliza Google AdSense para mostrar anuncios. Google y sus socios pueden usar cookies u otras tecnolog\u00edas para mostrar, medir y personalizar anuncios en funci\u00f3n de sus visitas a este y otros sitios web.<\/p>\n\n\n\n<p>Para saber c\u00f3mo utiliza Google los datos de los sitios y aplicaciones que utilizan sus servicios, visita:<br><a href=\"https:\/\/policies.google.com\/technologies\/partner-sites\">https:\/\/policies.google.com\/technologies\/partner-sites<\/a><\/p>\n\n\n\n<p><strong>Darse de baja de anuncios personalizados:<\/strong><br>Puede inhabilitar la publicidad personalizada de Google visitando su&nbsp;<strong><a href=\"https:\/\/adssettings.google.com\/\">Configuraci\u00f3n de anuncios (Mi centro de anuncios)<\/a><\/strong>.<br>Alternativamente, puede optar por no recibir publicidad basada en intereses de muchos otros proveedores de anuncios visitando&nbsp;<strong><a href=\"https:\/\/www.aboutads.info\/choices\/\">AboutAds.info\/choices<\/a><\/strong>.<\/p>\n\n\n\n<p>Nota: Incluso si optas por no participar, seguir\u00e1s viendo anuncios, pero pueden ser menos relevantes para tus intereses.<\/p>\n\n\n\n<h2 class=\"wp-block-heading\">M\u00e1s informaci\u00f3n<\/h2>\n\n\n\n<p>Esperamos que esto haya aclarado las cosas para usted y, como se mencion\u00f3 anteriormente, si hay algo que no est\u00e1 seguro de si necesita o no, generalmente es m\u00e1s seguro dejar las cookies habilitadas en caso de que interact\u00fae con una de las funciones que utiliza en nuestro sitio.<\/p>\n\n\n\n<p>Esta pol\u00edtica entra en vigor a partir de octubre. <strong>2025<\/strong>.<\/p>","protected":false},"excerpt":{"rendered":"<p>Su privacidad es importante para nosotros. La pol\u00edtica de WORKNAX es respetar su privacidad con respecto a cualquier informaci\u00f3n que recopilemos de usted en nuestro sitio web, WORKNAX y otros sitios web que poseemos y operamos. Solo solicitamos informaci\u00f3n personal cuando realmente la necesitamos para brindarle un servicio. La recopilamos por medios justos y legales, [\u2026]<\/p>","protected":false},"author":76,"featured_media":0,"parent":0,"menu_order":0,"comment_status":"closed","ping_status":"closed","template":"","meta":{"footnotes":""},"yoast_head":"<!-- This site is optimized with the Yoast SEO plugin v23.3 - https:\/\/yoast.com\/wordpress\/plugins\/seo\/ -->\n<title>Privacy Policy - worknax<\/title>\n<meta name=\"robots\" content=\"index, follow, max-snippet:-1, max-image-preview:large, max-video-preview:-1\" \/>\n<link rel=\"canonical\" href=\"https:\/\/worknax.com\/es\/privacy-policy\/\" \/>\n<meta property=\"og:locale\" content=\"es_MX\" \/>\n<meta property=\"og:type\" content=\"article\" \/>\n<meta property=\"og:title\" content=\"Privacy Policy - worknax\" \/>\n<meta property=\"og:description\" content=\"Your privacy is important to us. It is&nbsp;WORKNAX&#8217;s&nbsp;policy to respect your privacy regarding any information we may collect from you across our website,&nbsp;WORKNAX, and other sites we own and operate. We only ask for personal information when we truly need it to provide a service to you. We collect it by fair and lawful means, [&hellip;]\" \/>\n<meta property=\"og:url\" content=\"https:\/\/worknax.com\/es\/privacy-policy\/\" \/>\n<meta property=\"og:site_name\" content=\"worknax\" \/>\n<meta property=\"article:modified_time\" content=\"2025-10-21T18:02:23+00:00\" \/>\n<meta name=\"twitter:card\" content=\"summary_large_image\" \/>\n<meta name=\"twitter:label1\" content=\"Est. reading time\" \/>\n\t<meta name=\"twitter:data1\" content=\"6 minutos\" \/>\n<script type=\"application\/ld+json\" class=\"yoast-schema-graph\">{\"@context\":\"https:\/\/schema.org\",\"@graph\":[{\"@type\":\"WebPage\",\"@id\":\"https:\/\/worknax.com\/es\/privacy-policy\/\",\"url\":\"https:\/\/worknax.com\/es\/privacy-policy\/\",\"name\":\"Privacy Policy - worknax\",\"isPartOf\":{\"@id\":\"https:\/\/worknax.com\/es\/#website\"},\"datePublished\":\"2025-03-27T16:07:19+00:00\",\"dateModified\":\"2025-10-21T18:02:23+00:00\",\"breadcrumb\":{\"@id\":\"https:\/\/worknax.com\/es\/privacy-policy\/#breadcrumb\"},\"inLanguage\":\"es-MX\",\"potentialAction\":[{\"@type\":\"ReadAction\",\"target\":[\"https:\/\/worknax.com\/es\/privacy-policy\/\"]}]},{\"@type\":\"BreadcrumbList\",\"@id\":\"https:\/\/worknax.com\/es\/privacy-policy\/#breadcrumb\",\"itemListElement\":[{\"@type\":\"ListItem\",\"position\":1,\"name\":\"Home\",\"item\":\"https:\/\/worknax.com\/es\/\"},{\"@type\":\"ListItem\",\"position\":2,\"name\":\"Privacy Policy\"}]},{\"@type\":\"WebSite\",\"@id\":\"https:\/\/worknax.com\/es\/#website\",\"url\":\"https:\/\/worknax.com\/es\/\",\"name\":\"worknax\",\"description\":\"\",\"publisher\":{\"@id\":\"https:\/\/worknax.com\/es\/#organization\"},\"potentialAction\":[{\"@type\":\"SearchAction\",\"target\":{\"@type\":\"EntryPoint\",\"urlTemplate\":\"https:\/\/worknax.com\/es\/?s={search_term_string}\"},\"query-input\":\"required name=search_term_string\"}],\"inLanguage\":\"es-MX\"},{\"@type\":\"Organization\",\"@id\":\"https:\/\/worknax.com\/es\/#organization\",\"name\":\"worknax\",\"url\":\"https:\/\/worknax.com\/es\/\",\"logo\":{\"@type\":\"ImageObject\",\"inLanguage\":\"es-MX\",\"@id\":\"https:\/\/worknax.com\/es\/#\/schema\/logo\/image\/\",\"url\":\"https:\/\/worknax.com\/wp-content\/uploads\/sites\/159\/2025\/03\/cropped-cropped-Logotipo-moderno-para-ensino-cerebro-azul-amarelo-e-laranja-1.png\",\"contentUrl\":\"https:\/\/worknax.com\/wp-content\/uploads\/sites\/159\/2025\/03\/cropped-cropped-Logotipo-moderno-para-ensino-cerebro-azul-amarelo-e-laranja-1.png\",\"width\":512,\"height\":512,\"caption\":\"worknax\"},\"image\":{\"@id\":\"https:\/\/worknax.com\/es\/#\/schema\/logo\/image\/\"}}]}<\/script>\n<!-- \/ Yoast SEO plugin. -->","yoast_head_json":{"title":"Privacy Policy - worknax","robots":{"index":"index","follow":"follow","max-snippet":"max-snippet:-1","max-image-preview":"max-image-preview:large","max-video-preview":"max-video-preview:-1"},"canonical":"https:\/\/worknax.com\/es\/privacy-policy\/","og_locale":"es_MX","og_type":"article","og_title":"Privacy Policy - worknax","og_description":"Your privacy is important to us. It is&nbsp;WORKNAX&#8217;s&nbsp;policy to respect your privacy regarding any information we may collect from you across our website,&nbsp;WORKNAX, and other sites we own and operate. We only ask for personal information when we truly need it to provide a service to you. We collect it by fair and lawful means, [&hellip;]","og_url":"https:\/\/worknax.com\/es\/privacy-policy\/","og_site_name":"worknax","article_modified_time":"2025-10-21T18:02:23+00:00","twitter_card":"summary_large_image","twitter_misc":{"Est. reading time":"6 minutos"},"schema":{"@context":"https:\/\/schema.org","@graph":[{"@type":"WebPage","@id":"https:\/\/worknax.com\/es\/privacy-policy\/","url":"https:\/\/worknax.com\/es\/privacy-policy\/","name":"Privacy Policy - worknax","isPartOf":{"@id":"https:\/\/worknax.com\/es\/#website"},"datePublished":"2025-03-27T16:07:19+00:00","dateModified":"2025-10-21T18:02:23+00:00","breadcrumb":{"@id":"https:\/\/worknax.com\/es\/privacy-policy\/#breadcrumb"},"inLanguage":"es-MX","potentialAction":[{"@type":"ReadAction","target":["https:\/\/worknax.com\/es\/privacy-policy\/"]}]},{"@type":"BreadcrumbList","@id":"https:\/\/worknax.com\/es\/privacy-policy\/#breadcrumb","itemListElement":[{"@type":"ListItem","position":1,"name":"Home","item":"https:\/\/worknax.com\/es\/"},{"@type":"ListItem","position":2,"name":"Privacy Policy"}]},{"@type":"WebSite","@id":"https:\/\/worknax.com\/es\/#website","url":"https:\/\/worknax.com\/es\/","name":"worknax","description":"","publisher":{"@id":"https:\/\/worknax.com\/es\/#organization"},"potentialAction":[{"@type":"SearchAction","target":{"@type":"EntryPoint","urlTemplate":"https:\/\/worknax.com\/es\/?s={search_term_string}"},"query-input":"required name=search_term_string"}],"inLanguage":"es-MX"},{"@type":"Organization","@id":"https:\/\/worknax.com\/es\/#organization","name":"worknax","url":"https:\/\/worknax.com\/es\/","logo":{"@type":"ImageObject","inLanguage":"es-MX","@id":"https:\/\/worknax.com\/es\/#\/schema\/logo\/image\/","url":"https:\/\/worknax.com\/wp-content\/uploads\/sites\/159\/2025\/03\/cropped-cropped-Logotipo-moderno-para-ensino-cerebro-azul-amarelo-e-laranja-1.png","contentUrl":"https:\/\/worknax.com\/wp-content\/uploads\/sites\/159\/2025\/03\/cropped-cropped-Logotipo-moderno-para-ensino-cerebro-azul-amarelo-e-laranja-1.png","width":512,"height":512,"caption":"worknax"},"image":{"@id":"https:\/\/worknax.com\/es\/#\/schema\/logo\/image\/"}}]}},"_links":{"self":[{"href":"https:\/\/worknax.com\/es\/wp-json\/wp\/v2\/pages\/310"}],"collection":[{"href":"https:\/\/worknax.com\/es\/wp-json\/wp\/v2\/pages"}],"about":[{"href":"https:\/\/worknax.com\/es\/wp-json\/wp\/v2\/types\/page"}],"author":[{"embeddable":true,"href":"https:\/\/worknax.com\/es\/wp-json\/wp\/v2\/users\/76"}],"replies":[{"embeddable":true,"href":"https:\/\/worknax.com\/es\/wp-json\/wp\/v2\/comments?post=310"}],"version-history":[{"count":2,"href":"https:\/\/worknax.com\/es\/wp-json\/wp\/v2\/pages\/310\/revisions"}],"predecessor-version":[{"id":796,"href":"https:\/\/worknax.com\/es\/wp-json\/wp\/v2\/pages\/310\/revisions\/796"}],"wp:attachment":[{"href":"https:\/\/worknax.com\/es\/wp-json\/wp\/v2\/media?parent=310"}],"curies":[{"name":"wp","href":"https:\/\/api.w.org\/{rel}","templated":true}]}}